{"id":1162,"date":"2017-03-02T08:04:40","date_gmt":"2017-03-02T08:04:40","guid":{"rendered":"http:\/\/demo.oceanthemes.net\/archi\/version-light\/?page_id=1162"},"modified":"2017-03-02T08:04:40","modified_gmt":"2017-03-02T08:04:40","slug":"home-profession-light","status":"publish","type":"page","link":"https:\/\/gruporacvel.com\/index.php\/home-profession-light\/","title":{"rendered":"Home Profession Light"},"content":{"rendered":"<p>[vc_row archi_parallax=&#8221;yes&#8221; el_class=&#8221;full-height&#8221; css=&#8221;.vc_custom_1488442970182{padding-top: 90px !important;padding-bottom: 90px !important;background-image: url(https:\/\/gruporacvel.com\/wp-content\/uploads\/2017\/03\/bg-23.jpg?id=1168) !important;}&#8221;][vc_column]\t\n\t<!-- Element: OT Home Profession -->\n\t<div class=\"center-y\">\t\t\n\t\t\t\t    <h2 class=\"style-3\"  >John Archi<b>.<\/b><\/h2>\t\t\t\t\t    \n\t    \t    \t\t    <div class=\"teaser-text-2\"  >Licensed Interior Designer. More than <b>50 projects<\/b> done. <\/div>\t\n\t\t    <div class=\"spacer-double\"><\/div>\t\t\t\t    \n\t    \t    <a href=\"http:\/\/demo.oceanthemes.net\/archi\/contact\/\" title=\"Hire Me Now\" target=\"_self\" class=\"btn btn-line-black btn-big scroll-to\">Hire Me Now<\/a>\t\t\t\n\t<\/div>\n   \n[\/vc_column][\/vc_row][vc_row css=&#8221;.vc_custom_1486529460632{padding-top: 90px !important;padding-bottom: 60px !important;}&#8221;][vc_column width=&#8221;1\/3&#8243; animate=&#8221;fadeinup&#8221; delay=&#8221;0.4&#8243; duration=&#8221;1&#8243; offset=&#8221;vc_col-md-offset-5 vc_col-md-2 vc_col-sm-offset-4&#8243;] \t<!-- Element: OT Simple Slider -->\n    <div class=\"simple__slider\">\n                    <img decoding=\"async\" src=\"\" alt=\"\" class=\"img-circle img-responsive\">\n                    <img decoding=\"async\" src=\"\" alt=\"\" class=\"img-circle img-responsive\">\n                    <img decoding=\"async\" src=\"https:\/\/gruporacvel.com\/wp-content\/uploads\/2017\/03\/profile-pic.jpg\" alt=\"profile-pic\" class=\"img-circle img-responsive\">\n            <\/div>    \n[\/vc_column][\/vc_row][vc_row css=&#8221;.vc_custom_1486529525981{padding-bottom: 90px !important;}&#8221;][vc_column animate=&#8221;fadeinup&#8221; delay=&#8221;0.6&#8243; duration=&#8221;1.2&#8243; offset=&#8221;vc_col-md-offset-3 vc_col-md-6&#8243;]\n\t<!-- Element: OT Heading --> \t \n\t<h1 class=\"ot_custom_heading  \" style=\"text-align: center;\" >Welcome<\/h1>\t\n\t<!-- Element: OT Line solid --> \t \n\t<div class=\" separator \"><span><i class=\"fa fa-circle\"><\/i><\/span><\/div>\n\t<div class=\"spacer-single\"><\/div>\t      \n[vc_column_text css=&#8221;.vc_custom_1488444249234{margin-bottom: 20px !important;padding-bottom: 0px !important;}&#8221; el_class=&#8221;text-center&#8221;]<\/p>\n<p class=\"lead\">I am an interior designer from Brooklyn, with a strong focus in interior and furniture design. I love to get new experiences and always learn from my surroundings. I&#8217;ve done more than 50 projects. You can check it through portfolio section on this website. I looking forward to any opportunities and challenges.<\/p>\n<p>[\/vc_column_text][vc_single_image image=&#8221;1181&#8243; img_size=&#8221;full&#8221; alignment=&#8221;center&#8221; css=&#8221;.vc_custom_1488444108666{margin-bottom: 0px !important;padding-bottom: 0px !important;}&#8221;][\/vc_column][\/vc_row][vc_row fullwidth=&#8221;yes&#8221;][vc_column]  \n\n\t<!-- Element: OT Portfolio Carousel Style -->\n    <div class=\"owl-slide projects-load-ajax gallery-carousel portfolio__carousel overlay_s1\" data-visible=\"3\" data-autoplay=\"false\">\n    \t  \t        \n\t\t\t<div class=\"item\">\n\t\t\t\t<div class=\"projects-box\">\n\t\t\t\t\t<div class=\"projects-thumbnail\">\n\t\t\t\t\t\t<img loading=\"lazy\" decoding=\"async\" width=\"700\" height=\"466\" src=\"https:\/\/gruporacvel.com\/wp-content\/uploads\/2022\/08\/canal9-0011.jpg\" class=\"attachment-thumb-portfolio size-thumb-portfolio wp-post-image\" alt=\"\" srcset=\"https:\/\/gruporacvel.com\/wp-content\/uploads\/2022\/08\/canal9-0011.jpg 700w, https:\/\/gruporacvel.com\/wp-content\/uploads\/2022\/08\/canal9-0011-300x200.jpg 300w, https:\/\/gruporacvel.com\/wp-content\/uploads\/2022\/08\/canal9-0011-600x399.jpg 600w\" sizes=\"auto, (max-width: 700px) 100vw, 700px\" title=\"canal9-0011\" \/>\t\t\t\t\t<\/div>\t\t\t\t\t\t\t\n\t\t\t\t\t<a class=\"simple-ajax-popup-align-top\" href=\"https:\/\/gruporacvel.com\/index.php\/portfolio\/canal9\/\">\n\t\t\t\t\t\t<span class=\"project-overlay\">\n\t\t\t\t\t\t\t<span class=\"project-name id-color\">CANAL 9 &#8211; TV<\/span>\t\n\t\t\t\t\t\t<\/span>\n\t\t\t\t\t<\/a>\t\n\t\t\t\t<\/div>\n\t\t\t<\/div>\t        \n          \t        \n\t\t\t<div class=\"item\">\n\t\t\t\t<div class=\"projects-box\">\n\t\t\t\t\t<div class=\"projects-thumbnail\">\n\t\t\t\t\t\t<img loading=\"lazy\" decoding=\"async\" width=\"700\" height=\"466\" src=\"https:\/\/gruporacvel.com\/wp-content\/uploads\/2015\/07\/enlace005.jpg\" class=\"attachment-thumb-portfolio size-thumb-portfolio wp-post-image\" alt=\"\" srcset=\"https:\/\/gruporacvel.com\/wp-content\/uploads\/2015\/07\/enlace005.jpg 700w, https:\/\/gruporacvel.com\/wp-content\/uploads\/2015\/07\/enlace005-300x200.jpg 300w, https:\/\/gruporacvel.com\/wp-content\/uploads\/2015\/07\/enlace005-600x399.jpg 600w\" sizes=\"auto, (max-width: 700px) 100vw, 700px\" title=\"enlace005\" \/>\t\t\t\t\t<\/div>\t\t\t\t\t\t\t\n\t\t\t\t\t<a class=\"simple-ajax-popup-align-top\" href=\"https:\/\/gruporacvel.com\/index.php\/portfolio\/enlace\/\">\n\t\t\t\t\t\t<span class=\"project-overlay\">\n\t\t\t\t\t\t\t<span class=\"project-name id-color\">ENLACE TV<\/span>\t\n\t\t\t\t\t\t<\/span>\n\t\t\t\t\t<\/a>\t\n\t\t\t\t<\/div>\n\t\t\t<\/div>\t        \n          \t        \n\t\t\t<div class=\"item\">\n\t\t\t\t<div class=\"projects-box\">\n\t\t\t\t\t<div class=\"projects-thumbnail\">\n\t\t\t\t\t\t<img loading=\"lazy\" decoding=\"async\" width=\"700\" height=\"466\" src=\"https:\/\/gruporacvel.com\/wp-content\/uploads\/2015\/07\/campus101.jpg\" class=\"attachment-thumb-portfolio size-thumb-portfolio wp-post-image\" alt=\"\" srcset=\"https:\/\/gruporacvel.com\/wp-content\/uploads\/2015\/07\/campus101.jpg 700w, https:\/\/gruporacvel.com\/wp-content\/uploads\/2015\/07\/campus101-300x200.jpg 300w, https:\/\/gruporacvel.com\/wp-content\/uploads\/2015\/07\/campus101-600x399.jpg 600w\" sizes=\"auto, (max-width: 700px) 100vw, 700px\" title=\"campus101\" \/>\t\t\t\t\t<\/div>\t\t\t\t\t\t\t\n\t\t\t\t\t<a class=\"simple-ajax-popup-align-top\" href=\"https:\/\/gruporacvel.com\/index.php\/portfolio\/campustv\/\">\n\t\t\t\t\t\t<span class=\"project-overlay\">\n\t\t\t\t\t\t\t<span class=\"project-name id-color\">CAMPUS TV<\/span>\t\n\t\t\t\t\t\t<\/span>\n\t\t\t\t\t<\/a>\t\n\t\t\t\t<\/div>\n\t\t\t<\/div>\t        \n          \t        \n\t\t\t<div class=\"item\">\n\t\t\t\t<div class=\"projects-box\">\n\t\t\t\t\t<div class=\"projects-thumbnail\">\n\t\t\t\t\t\t<img loading=\"lazy\" decoding=\"async\" width=\"700\" height=\"466\" src=\"https:\/\/gruporacvel.com\/wp-content\/uploads\/2015\/07\/avalon0011.jpg\" class=\"attachment-thumb-portfolio size-thumb-portfolio wp-post-image\" alt=\"\" srcset=\"https:\/\/gruporacvel.com\/wp-content\/uploads\/2015\/07\/avalon0011.jpg 700w, https:\/\/gruporacvel.com\/wp-content\/uploads\/2015\/07\/avalon0011-300x200.jpg 300w, https:\/\/gruporacvel.com\/wp-content\/uploads\/2015\/07\/avalon0011-600x399.jpg 600w\" sizes=\"auto, (max-width: 700px) 100vw, 700px\" title=\"avalon0011\" \/>\t\t\t\t\t<\/div>\t\t\t\t\t\t\t\n\t\t\t\t\t<a class=\"simple-ajax-popup-align-top\" href=\"https:\/\/gruporacvel.com\/index.php\/portfolio\/avalon\/\">\n\t\t\t\t\t\t<span class=\"project-overlay\">\n\t\t\t\t\t\t\t<span class=\"project-name id-color\">CONDOMINIO AVALON COUNTRY CLUB<\/span>\t\n\t\t\t\t\t\t<\/span>\n\t\t\t\t\t<\/a>\t\n\t\t\t\t<\/div>\n\t\t\t<\/div>\t        \n          \t        \n\t\t\t<div class=\"item\">\n\t\t\t\t<div class=\"projects-box\">\n\t\t\t\t\t<div class=\"projects-thumbnail\">\n\t\t\t\t\t\t<img loading=\"lazy\" decoding=\"async\" width=\"700\" height=\"466\" src=\"https:\/\/gruporacvel.com\/wp-content\/uploads\/2015\/07\/cids001.jpg\" class=\"attachment-thumb-portfolio size-thumb-portfolio wp-post-image\" alt=\"\" srcset=\"https:\/\/gruporacvel.com\/wp-content\/uploads\/2015\/07\/cids001.jpg 700w, https:\/\/gruporacvel.com\/wp-content\/uploads\/2015\/07\/cids001-300x200.jpg 300w, https:\/\/gruporacvel.com\/wp-content\/uploads\/2015\/07\/cids001-600x399.jpg 600w\" sizes=\"auto, (max-width: 700px) 100vw, 700px\" title=\"cids001\" \/>\t\t\t\t\t<\/div>\t\t\t\t\t\t\t\n\t\t\t\t\t<a class=\"simple-ajax-popup-align-top\" href=\"https:\/\/gruporacvel.com\/index.php\/portfolio\/cids\/\">\n\t\t\t\t\t\t<span class=\"project-overlay\">\n\t\t\t\t\t\t\t<span class=\"project-name id-color\">CIDS &#8211; CENTRO DE CONVENCIONES<\/span>\t\n\t\t\t\t\t\t<\/span>\n\t\t\t\t\t<\/a>\t\n\t\t\t\t<\/div>\n\t\t\t<\/div>\t        \n          \t        \n\t\t\t<div class=\"item\">\n\t\t\t\t<div class=\"projects-box\">\n\t\t\t\t\t<div class=\"projects-thumbnail\">\n\t\t\t\t\t\t<img loading=\"lazy\" decoding=\"async\" width=\"700\" height=\"466\" src=\"https:\/\/gruporacvel.com\/wp-content\/uploads\/2015\/07\/gbm001.jpg\" class=\"attachment-thumb-portfolio size-thumb-portfolio wp-post-image\" alt=\"\" srcset=\"https:\/\/gruporacvel.com\/wp-content\/uploads\/2015\/07\/gbm001.jpg 700w, https:\/\/gruporacvel.com\/wp-content\/uploads\/2015\/07\/gbm001-300x200.jpg 300w, https:\/\/gruporacvel.com\/wp-content\/uploads\/2015\/07\/gbm001-600x399.jpg 600w\" sizes=\"auto, (max-width: 700px) 100vw, 700px\" title=\"gbm001\" \/>\t\t\t\t\t<\/div>\t\t\t\t\t\t\t\n\t\t\t\t\t<a class=\"simple-ajax-popup-align-top\" href=\"https:\/\/gruporacvel.com\/index.php\/portfolio\/gbm\/\">\n\t\t\t\t\t\t<span class=\"project-overlay\">\n\t\t\t\t\t\t\t<span class=\"project-name id-color\">CORPORATIVO GBM<\/span>\t\n\t\t\t\t\t\t<\/span>\n\t\t\t\t\t<\/a>\t\n\t\t\t\t<\/div>\n\t\t\t<\/div>\t        \n          \t        \n\t\t\t<div class=\"item\">\n\t\t\t\t<div class=\"projects-box\">\n\t\t\t\t\t<div class=\"projects-thumbnail\">\n\t\t\t\t\t\t<img loading=\"lazy\" decoding=\"async\" width=\"700\" height=\"466\" src=\"https:\/\/gruporacvel.com\/wp-content\/uploads\/2015\/07\/gbmvip.jpg\" class=\"attachment-thumb-portfolio size-thumb-portfolio wp-post-image\" alt=\"\" srcset=\"https:\/\/gruporacvel.com\/wp-content\/uploads\/2015\/07\/gbmvip.jpg 700w, https:\/\/gruporacvel.com\/wp-content\/uploads\/2015\/07\/gbmvip-300x200.jpg 300w, https:\/\/gruporacvel.com\/wp-content\/uploads\/2015\/07\/gbmvip-600x399.jpg 600w\" sizes=\"auto, (max-width: 700px) 100vw, 700px\" title=\"gbmvip\" \/>\t\t\t\t\t<\/div>\t\t\t\t\t\t\t\n\t\t\t\t\t<a class=\"simple-ajax-popup-align-top\" href=\"https:\/\/gruporacvel.com\/index.php\/portfolio\/gbmvip\/\">\n\t\t\t\t\t\t<span class=\"project-overlay\">\n\t\t\t\t\t\t\t<span class=\"project-name id-color\">GBM Lounge<\/span>\t\n\t\t\t\t\t\t<\/span>\n\t\t\t\t\t<\/a>\t\n\t\t\t\t<\/div>\n\t\t\t<\/div>\t        \n          \t        \n\t\t\t<div class=\"item\">\n\t\t\t\t<div class=\"projects-box\">\n\t\t\t\t\t<div class=\"projects-thumbnail\">\n\t\t\t\t\t\t<img loading=\"lazy\" decoding=\"async\" width=\"700\" height=\"466\" src=\"https:\/\/gruporacvel.com\/wp-content\/uploads\/2015\/07\/sleepgallery001.jpg\" class=\"attachment-thumb-portfolio size-thumb-portfolio wp-post-image\" alt=\"\" srcset=\"https:\/\/gruporacvel.com\/wp-content\/uploads\/2015\/07\/sleepgallery001.jpg 700w, https:\/\/gruporacvel.com\/wp-content\/uploads\/2015\/07\/sleepgallery001-300x200.jpg 300w, https:\/\/gruporacvel.com\/wp-content\/uploads\/2015\/07\/sleepgallery001-600x399.jpg 600w\" sizes=\"auto, (max-width: 700px) 100vw, 700px\" title=\"sleepgallery001\" \/>\t\t\t\t\t<\/div>\t\t\t\t\t\t\t\n\t\t\t\t\t<a class=\"simple-ajax-popup-align-top\" href=\"https:\/\/gruporacvel.com\/index.php\/portfolio\/sleepgallery\/\">\n\t\t\t\t\t\t<span class=\"project-overlay\">\n\t\t\t\t\t\t\t<span class=\"project-name id-color\">Sleep Gallery<\/span>\t\n\t\t\t\t\t\t<\/span>\n\t\t\t\t\t<\/a>\t\n\t\t\t\t<\/div>\n\t\t\t<\/div>\t        \n            <\/div>\n\n[\/vc_column][\/vc_row][vc_row css=&#8221;.vc_custom_1488442856916{padding-top: 90px !important;padding-bottom: 90px !important;background-image: url(https:\/\/gruporacvel.com\/wp-content\/uploads\/2017\/03\/bg-24.jpg?id=1169) !important;}&#8221; el_class=&#8221;bg-fixed&#8221;][vc_column]\n\t<!-- Element: OT Heading --> \t \n\t<h1 class=\"ot_custom_heading  \" style=\"text-align: center;\" >My Experiences<\/h1>\t\n\t<!-- Element: OT Line solid --> \t \n\t<div class=\" separator \"><span><i class=\"fa fa-circle\"><\/i><\/span><\/div>\n\t<div class=\"spacer-single\"><\/div>\t      \n[\/vc_column][vc_column offset=&#8221;vc_col-md-offset-3 vc_col-md-6&#8243; el_class=&#8221;text-dark&#8221;]\t<!-- Element: OT Profile Experiences -->\n\t<div class=\"timeline exp\">\n\t\t\t\n\t        <div class=\"tl-block wow fadeInUp\" data-wow-delay=\"0\">\n\t            <div class=\"tl-time\">\n\t                <h4>2014 - Now<\/h4>\n\t            <\/div>\n\t            <div class=\"tl-bar\">\n\t                <div class=\"tl-line\"><\/div>\n\t            <\/div>\n\t            <div class=\"tl-message\">\n\t                <div class=\"tl-icon\">&nbsp;<\/div>\n\t                <div class=\"tl-main\">\n\t                    <h4 class=\"id-color\">Chief Executive Officer<\/h4>\n\t                    Lorem ipsum dolor sit amet, consectetur adipiscing elit, sed do eiusmod tempor incididunt ut labore et dolore magna aliqua.\t                <\/div>\n\t            <\/div>\n\t        <\/div>\n        \t\n\t        <div class=\"tl-block wow fadeInUp\" data-wow-delay=\"3\">\n\t            <div class=\"tl-time\">\n\t                <h4>2012 - 2014<\/h4>\n\t            <\/div>\n\t            <div class=\"tl-bar\">\n\t                <div class=\"tl-line\"><\/div>\n\t            <\/div>\n\t            <div class=\"tl-message\">\n\t                <div class=\"tl-icon\">&nbsp;<\/div>\n\t                <div class=\"tl-main\">\n\t                    <h4 class=\"id-color\">Sr. Interior Designer<\/h4>\n\t                    Lorem ipsum dolor sit amet, consectetur adipiscing elit, sed do eiusmod tempor incididunt ut labore et dolore magna aliqua.\t                <\/div>\n\t            <\/div>\n\t        <\/div>\n        \t\n\t        <div class=\"tl-block wow fadeInUp\" data-wow-delay=\"6\">\n\t            <div class=\"tl-time\">\n\t                <h4>2010 - 2012<\/h4>\n\t            <\/div>\n\t            <div class=\"tl-bar\">\n\t                <div class=\"tl-line\"><\/div>\n\t            <\/div>\n\t            <div class=\"tl-message\">\n\t                <div class=\"tl-icon\">&nbsp;<\/div>\n\t                <div class=\"tl-main\">\n\t                    <h4 class=\"id-color\">Jr. Interior Designer<\/h4>\n\t                    Lorem ipsum dolor sit amet, consectetur adipiscing elit, sed do eiusmod tempor incididunt ut labore et dolore magna aliqua.\t                <\/div>\n\t            <\/div>\n\t        <\/div>\n        \t\n\t        <div class=\"tl-block wow fadeInUp\" data-wow-delay=\"9\">\n\t            <div class=\"tl-time\">\n\t                <h4>2008 - 2010<\/h4>\n\t            <\/div>\n\t            <div class=\"tl-bar\">\n\t                <div class=\"tl-line\"><\/div>\n\t            <\/div>\n\t            <div class=\"tl-message\">\n\t                <div class=\"tl-icon\">&nbsp;<\/div>\n\t                <div class=\"tl-main\">\n\t                    <h4 class=\"id-color\">Interior Designer<\/h4>\n\t                    Lorem ipsum dolor sit amet, consectetur adipiscing elit, sed do eiusmod tempor incididunt ut labore et dolore magna aliqua.\t                <\/div>\n\t            <\/div>\n\t        <\/div>\n          \n    <\/div>  \n[\/vc_column][\/vc_row][vc_row css=&#8221;.vc_custom_1486542466296{padding-top: 90px !important;padding-bottom: 90px !important;}&#8221;][vc_column animate=&#8221;fadeinup&#8221; el_class=&#8221;dark&#8221;]\n\t<!-- Element: OT Heading --> \t \n\t<h1 class=\"ot_custom_heading  \" style=\"text-align: center;\" >Work Process<\/h1>\t\n\t<!-- Element: OT Line solid --> \t \n\t<div class=\" separator \"><span><i class=\"fa fa-circle\"><\/i><\/span><\/div>\n\t<div class=\"spacer-single\"><\/div>\t      \n\n\t<!-- Element: OT Process -->\n    <div class=\"de_tab tab_steps tab_4  \">\n        <ul class=\"de_nav process-circle-textonly\">\n\t        \t            <li class=\"active wow fadeIn \" data-wow-delay=\"0.4s\">\n\t            \t<span class=\"content-mid\">\n\t            \t\t<div class=\"inner\">\t\t\n\t            \t\t\tServicio Residencial\t            \t\t<\/div>\n\t            \t<\/span>\t\t        \n\t\t            <div class=\"v-border\"><\/div>\n\t            <\/li>\n\t            \n\t        \t            <li class=\" wow fadeIn \" data-wow-delay=\"0.8s\">\n\t            \t<span class=\"content-mid\">\n\t            \t\t<div class=\"inner\">\t\t\n\t            \t\t\tIdea &#038; Concept\t            \t\t<\/div>\n\t            \t<\/span>\t\t        \n\t\t            <div class=\"v-border\"><\/div>\n\t            <\/li>\n\t            \n\t        \t            <li class=\" wow fadeIn \" data-wow-delay=\"1.2s\">\n\t            \t<span class=\"content-mid\">\n\t            \t\t<div class=\"inner\">\t\t\n\t            \t\t\tDesign &#038; Create\t            \t\t<\/div>\n\t            \t<\/span>\t\t        \n\t\t            <div class=\"v-border\"><\/div>\n\t            <\/li>\n\t            \n\t        \t            <li class=\" wow fadeIn \" data-wow-delay=\"1.6s\">\n\t            \t<span class=\"content-mid\">\n\t            \t\t<div class=\"inner\">\t\t\n\t            \t\t\tBuild &#038; Install\t            \t\t<\/div>\n\t            \t<\/span>\t\t        \n\t\t            <div class=\"v-border\"><\/div>\n\t            <\/li>\n\t            \n\t                <\/ul>\n\n        <div class=\"de_tab_content\">\n\t        \t            <div id=\"tab-615\" class=\"de_tab_content_inner\">\n\t                <p><img loading=\"lazy\" decoding=\"async\" class=\"alignleft wp-image-2105\" src=\"https:\/\/gruporacvel.com\/wp-content\/uploads\/2015\/08\/Casa-Residencial-01-1024x604.jpg\" alt=\"\" width=\"700\" height=\"413\" srcset=\"https:\/\/gruporacvel.com\/wp-content\/uploads\/2015\/08\/Casa-Residencial-01-1024x604.jpg 1024w, https:\/\/gruporacvel.com\/wp-content\/uploads\/2015\/08\/Casa-Residencial-01-300x177.jpg 300w, https:\/\/gruporacvel.com\/wp-content\/uploads\/2015\/08\/Casa-Residencial-01-768x453.jpg 768w, https:\/\/gruporacvel.com\/wp-content\/uploads\/2015\/08\/Casa-Residencial-01-600x354.jpg 600w, https:\/\/gruporacvel.com\/wp-content\/uploads\/2015\/08\/Casa-Residencial-01.jpg 1221w\" sizes=\"auto, (max-width: 700px) 100vw, 700px\" \/><\/p>\n<p>Tenemos experiencia en Conceptualizar y dise\u00f1ar tu casa desde el principio, ac\u00e9rcate con nosotros pata que hagamos realidad la casa de tu sue\u00f1o!!!<\/p>\n\t            <\/div>\n\t        \t            <div id=\"tab-1779\" class=\"de_tab_content_inner\">\n\t                <p>Sed ut perspiciatis unde omnis iste natus error sit voluptatem accusantium doloremque laudantium, totam rem aperiam, eaque ipsa quae ab illo inventore veritatis et quasi architecto beatae vitae dicta sunt explicabo. Nemo enim ipsam voluptatem quia voluptas sit aspernatur aut odit aut fugit, sed quia consequuntur magni dolores eos qui ratione voluptatem sequi nesciunt. Neque porro quisquam est, qui dolorem ipsum quia dolor sit amet, consectetur, adipisci velit, sed quia non numquam eius modi tempora incidunt ut labore et dolore magnam aliquam quaerat voluptatem. Ut enim ad minima veniam.<\/p>\n\t            <\/div>\n\t        \t            <div id=\"tab-1780\" class=\"de_tab_content_inner\">\n\t                <p>Sed ut perspiciatis unde omnis iste natus error sit voluptatem accusantium doloremque laudantium, totam rem aperiam, eaque ipsa quae ab illo inventore veritatis et quasi architecto beatae vitae dicta sunt explicabo. Nemo enim ipsam voluptatem quia voluptas sit aspernatur aut odit aut fugit, sed quia consequuntur magni dolores eos qui ratione voluptatem sequi nesciunt. Neque porro quisquam est, qui dolorem ipsum quia dolor sit amet, consectetur, adipisci velit, sed quia non numquam eius modi tempora incidunt ut labore et dolore magnam aliquam quaerat voluptatem. Ut enim ad minima veniam.<\/p>\n\t            <\/div>\n\t        \t            <div id=\"tab-618\" class=\"de_tab_content_inner\">\n\t                <p>Sed ut perspiciatis unde omnis iste natus error sit voluptatem accusantium doloremque laudantium, totam rem aperiam, eaque ipsa quae ab illo inventore veritatis et quasi architecto beatae vitae dicta sunt explicabo. Nemo enim ipsam voluptatem quia voluptas sit aspernatur aut odit aut fugit, sed quia consequuntur magni dolores eos qui ratione voluptatem sequi nesciunt. Neque porro quisquam est, qui dolorem ipsum quia dolor sit amet, consectetur, adipisci velit, sed quia non numquam eius modi tempora incidunt ut labore et dolore magnam aliquam quaerat voluptatem. Ut enim ad minima veniam.<\/p>\n\t            <\/div>\n\t                <\/div>\n    <\/div>\n\n[\/vc_column][\/vc_row][vc_row css=&#8221;.vc_custom_1495619964642{padding-top: 90px !important;padding-bottom: 90px !important;background-image: url(https:\/\/gruporacvel.com\/wp-content\/uploads\/2017\/03\/bg-18.jpg?id=1170) !important;}&#8221; el_class=&#8221;no-bg-fixed2 text-dark&#8221;][vc_column width=&#8221;1\/4&#8243; animate=&#8221;fadein&#8221;]\t<!-- Element: OT Our Facts -->\n\t<div class=\"de_count \">\n                <h3 class=\"timer\" data-to=\"2350\" data-speed=\"2500\">0<\/h3>\n        <span>Hours of Works<\/span>\n    <\/div>\n\n[\/vc_column][vc_column width=&#8221;1\/4&#8243; animate=&#8221;fadein&#8221;]\t<!-- Element: OT Our Facts -->\n\t<div class=\"de_count \">\n                <h3 class=\"timer\" data-to=\"128\" data-speed=\"2500\">0<\/h3>\n        <span>Projects Complete<\/span>\n    <\/div>\n\n[\/vc_column][vc_column width=&#8221;1\/4&#8243; animate=&#8221;fadein&#8221;]\t<!-- Element: OT Our Facts -->\n\t<div class=\"de_count \">\n                <h3 class=\"timer\" data-to=\"750\" data-speed=\"2500\">0<\/h3>\n        <span>Slice of Pizza<\/span>\n    <\/div>\n\n[\/vc_column][vc_column width=&#8221;1\/4&#8243; animate=&#8221;fadein&#8221;]\t<!-- Element: OT Our Facts -->\n\t<div class=\"de_count \">\n                <h3 class=\"timer\" data-to=\"520\" data-speed=\"2500\">0<\/h3>\n        <span>Cups of Coffee<\/span>\n    <\/div>\n\n[\/vc_column][\/vc_row][vc_row el_class=&#8221;call-to-action bg-color text-dark&#8221; css=&#8221;.vc_custom_1486537535644{padding-top: 20px !important;padding-bottom: 40px !important;}&#8221;][vc_column width=&#8221;2\/3&#8243;][vc_column_text css=&#8221;.vc_custom_1486530123555{margin-bottom: 0px !important;padding-bottom: 0px !important;}&#8221;]<\/p>\n<h2>Are you ready for next project?<\/h2>\n<p>[\/vc_column_text][\/vc_column][vc_column width=&#8221;1\/3&#8243;]\t\t\t\n\t<!-- Element: OT Button --> \n\t\t\t<a href=\"http:\/\/demo.archiwp.com\/light-version\/contact\/\" target=\"_self\" class=\"btn btn-line-black btn-big vc_custom_1495600351789 \">Get Quotation<\/a>\n\t    \n[\/vc_column][\/vc_row]<\/p>\n","protected":false},"excerpt":{"rendered":"<p>[vc_row archi_parallax=&#8221;yes&#8221; el_class=&#8221;full-height&#8221; css=&#8221;.vc_custom_1488442970182{padding-top: 90px !important;padding-bottom: 90px !important;background-image: url(https:\/\/gruporacvel.com\/wp-content\/uploads\/2017\/03\/bg-23.jpg?id=1168) !important;}&#8221;][vc_column][\/vc_column][\/vc_row][vc_row css=&#8221;.vc_custom_1486529460632{padding-top: 90px !important;padding-bottom: 60px !important;}&#8221;][vc_column width=&#8221;1\/3&#8243; animate=&#8221;fadeinup&#8221; delay=&#8221;0.4&#8243; duration=&#8221;1&#8243; offset=&#8221;vc_col-md-offset-5 vc_col-md-2 vc_col-sm-offset-4&#8243;][\/vc_column][\/vc_row][vc_row css=&#8221;.vc_custom_1486529525981{padding-bottom: 90px !important;}&#8221;][vc_column animate=&#8221;fadeinup&#8221; delay=&#8221;0.6&#8243; duration=&#8221;1.2&#8243; offset=&#8221;vc_col-md-offset-3 vc_col-md-6&#8243;][vc_column_text css=&#8221;.vc_custom_1488444249234{margin-bottom: 20px !important;padding-bottom: 0px !important;}&#8221; el_class=&#8221;text-center&#8221;] I am an interior designer from Brooklyn, with a strong focus in interior and furniture design. I love to [&hellip;]<\/p>\n","protected":false},"author":1,"featured_media":0,"parent":0,"menu_order":0,"comment_status":"closed","ping_status":"closed","template":"page-templates\/template-canvas.php","meta":{"_monsterinsights_skip_tracking":false,"_monsterinsights_sitenote_active":false,"_monsterinsights_sitenote_note":"","_monsterinsights_sitenote_category":0,"footnotes":""},"class_list":["post-1162","page","type-page","status-publish","hentry"],"_links":{"self":[{"href":"https:\/\/gruporacvel.com\/index.php\/wp-json\/wp\/v2\/pages\/1162","targetHints":{"allow":["GET"]}}],"collection":[{"href":"https:\/\/gruporacvel.com\/index.php\/wp-json\/wp\/v2\/pages"}],"about":[{"href":"https:\/\/gruporacvel.com\/index.php\/wp-json\/wp\/v2\/types\/page"}],"author":[{"embeddable":true,"href":"https:\/\/gruporacvel.com\/index.php\/wp-json\/wp\/v2\/users\/1"}],"replies":[{"embeddable":true,"href":"https:\/\/gruporacvel.com\/index.php\/wp-json\/wp\/v2\/comments?post=1162"}],"version-history":[{"count":0,"href":"https:\/\/gruporacvel.com\/index.php\/wp-json\/wp\/v2\/pages\/1162\/revisions"}],"wp:attachment":[{"href":"https:\/\/gruporacvel.com\/index.php\/wp-json\/wp\/v2\/media?parent=1162"}],"curies":[{"name":"wp","href":"https:\/\/api.w.org\/{rel}","templated":true}]}}