{"id":1778,"date":"2016-10-24T09:10:32","date_gmt":"2016-10-24T09:10:32","guid":{"rendered":"http:\/\/demo.oceanthemes.net\/archi\/version-light\/?page_id=1061"},"modified":"2016-10-24T09:10:32","modified_gmt":"2016-10-24T09:10:32","slug":"new-all-services","status":"publish","type":"page","link":"https:\/\/gruporacvel.com\/index.php\/new-all-services\/","title":{"rendered":"New All Services"},"content":{"rendered":"<p>[vc_row fullwidth=&#8221;yes&#8221;][vc_column]\t<!-- Element: OT Services List -->\n\t\n\t\t\n\t\t<section class=\"side-bg no-padding service-list\" id=\"section-service-1\">\n\n\t\t\t\n            <div class=\"image-container col-md-5 col-md-offset-7 pull-right right0 hidden-xs\" data-delay=\"0\">\n                <div class=\"background-image\" style=\"background-image:url('https:\/\/gruporacvel.com\/wp-content\/uploads\/2015\/08\/pic_1.jpg');\"><\/div>\n            <\/div>\n\n            <!-- Added this code in 26\/03\/2019 -->\n            <div class=\"visible-xs mb-30\" data-delay=\"0\">\n            \t<img loading=\"lazy\" decoding=\"async\" width=\"700\" height=\"337\" src=\"https:\/\/gruporacvel.com\/wp-content\/uploads\/2015\/08\/pic_1.jpg\" class=\"img-responsive wp-post-image\" alt=\"\" srcset=\"https:\/\/gruporacvel.com\/wp-content\/uploads\/2015\/08\/pic_1.jpg 700w, https:\/\/gruporacvel.com\/wp-content\/uploads\/2015\/08\/pic_1-300x144.jpg 300w, https:\/\/gruporacvel.com\/wp-content\/uploads\/2015\/08\/pic_1-600x289.jpg 600w\" sizes=\"auto, (max-width: 700px) 100vw, 700px\" title=\"pic_1\" \/>            <\/div>\n\t\t\t\n            <div class=\"container\">\n                <div class=\"row\">\n                    <div class=\"inner-padding\">\n                        <div data-wow-delay=\".5s\" class=\"col-md-6 wow fadeInLeft\">\n                            <h3 class=\"id-color\">Residential Design<\/h3>\n                            <div class=\"service-excerpt\"><p>Dise\u00f1o Residencial, Dise\u00f1o interior, Decoraci\u00f3n y Fabricaci\u00f3n de Muebles de Dise\u00f1o Exclusivos: El dise\u00f1o interior residencial puede ser tan simple como cambiar los colores o la iluminaci\u00f3n de una habitaci\u00f3n, o la renovaci\u00f3n completa del espacio. Respetamos la personalidad y buscamos satisfacer las necesidades del cliente, con un dise\u00f1o dirigido a la innovaci\u00f3n y est\u00e9tica.<\/p>\n<\/div>\n                            \t\t\t\t\t\t\t\t<div class=\"spacer-single\"><\/div>\n\t                            <a class=\"btn-line\" href=\"https:\/\/gruporacvel.com\/index.php\/service\/residential-design\/\">Read More<\/a>\n\t\t\t\t\t\t\t                        <\/div>\n                        <div class=\"clearfix\"><\/div>\n                    <\/div>\n                <\/div>\n            <\/div>\n            \n        <\/section>            \n\t\n\t\n\t\t\n\t\t<section class=\"side-bg no-padding service-list\" id=\"section-service-2\">\n\n\t\t\t\t\t\t\n            <div class=\"image-container col-md-5 pull-left hidden-xs\" data-delay=\"0\">\n                <div class=\"background-image\" style=\"background-image:url('https:\/\/gruporacvel.com\/wp-content\/uploads\/2015\/08\/pic_2.jpg');\"><\/div>\n            <\/div>\n\n            <!-- Added this code in 26\/03\/2019 -->\n            <div class=\"visible-xs mb-30\" data-delay=\"0\">\n            \t<img loading=\"lazy\" decoding=\"async\" width=\"700\" height=\"337\" src=\"https:\/\/gruporacvel.com\/wp-content\/uploads\/2015\/08\/pic_2.jpg\" class=\"img-responsive wp-post-image\" alt=\"\" srcset=\"https:\/\/gruporacvel.com\/wp-content\/uploads\/2015\/08\/pic_2.jpg 700w, https:\/\/gruporacvel.com\/wp-content\/uploads\/2015\/08\/pic_2-300x144.jpg 300w, https:\/\/gruporacvel.com\/wp-content\/uploads\/2015\/08\/pic_2-600x289.jpg 600w\" sizes=\"auto, (max-width: 700px) 100vw, 700px\" title=\"pic_2\" \/>            <\/div>\n\t\t\t\n            <div class=\"container\">\n                <div class=\"row\">\n                    <div class=\"inner-padding\">\n                        <div data-wow-delay=\".5s\" class=\"col-md-6 col-md-offset-6 wow fadeInRight\">\n                            <h3 class=\"id-color\">Office Design<\/h3>\n                            <div class=\"service-excerpt\"><p>Uno de los elementos m\u00e1s importantes es el lugar de trabajo, un espacio est\u00e1 acondicionado influye directamente en el nivel de productividad de los colaboradores. Es importante planear, construir o remodelar una oficina y considerar ciertos elementos que ayudar\u00e1n a los colaboradores a sentirse c\u00f3modos para desarrollar su m\u00e1ximo potencial al momento de trabajar.<\/p>\n<\/div>\n                            \t\t\t\t\t\t\t\t<div class=\"spacer-single\"><\/div>\n\t                            <a class=\"btn-line\" href=\"https:\/\/gruporacvel.com\/index.php\/service\/office-design\/\">Read More<\/a>\n\t\t\t\t\t\t\t                        <\/div>\n                        <div class=\"clearfix\"><\/div>\n                    <\/div>\n                <\/div>\n            <\/div>\n\n            \n        <\/section>            \n\t\n\t\n\t\t\n\t\t<section class=\"side-bg no-padding service-list\" id=\"section-service-3\">\n\n\t\t\t\n            <div class=\"image-container col-md-5 col-md-offset-7 pull-right right0 hidden-xs\" data-delay=\"0\">\n                <div class=\"background-image\" style=\"background-image:url('https:\/\/gruporacvel.com\/wp-content\/uploads\/2015\/08\/pic_3.jpg');\"><\/div>\n            <\/div>\n\n            <!-- Added this code in 26\/03\/2019 -->\n            <div class=\"visible-xs mb-30\" data-delay=\"0\">\n            \t<img loading=\"lazy\" decoding=\"async\" width=\"700\" height=\"337\" src=\"https:\/\/gruporacvel.com\/wp-content\/uploads\/2015\/08\/pic_3.jpg\" class=\"img-responsive wp-post-image\" alt=\"\" srcset=\"https:\/\/gruporacvel.com\/wp-content\/uploads\/2015\/08\/pic_3.jpg 700w, https:\/\/gruporacvel.com\/wp-content\/uploads\/2015\/08\/pic_3-300x144.jpg 300w, https:\/\/gruporacvel.com\/wp-content\/uploads\/2015\/08\/pic_3-600x289.jpg 600w\" sizes=\"auto, (max-width: 700px) 100vw, 700px\" title=\"pic_3\" \/>            <\/div>\n\t\t\t\n            <div class=\"container\">\n                <div class=\"row\">\n                    <div class=\"inner-padding\">\n                        <div data-wow-delay=\".5s\" class=\"col-md-6 wow fadeInLeft\">\n                            <h3 class=\"id-color\">Commercial Design<\/h3>\n                            <div class=\"service-excerpt\"><p>\u00bfNecesitas un nuevo look para tus oficinas? \u00bfEst\u00e1s empezando un nuevo negocio? Invertir en el dise\u00f1o de tu espacio te ayudar\u00e1 a diferenciarte de la competencia. Sin importar en qu\u00e9 etapa te encuentres, te ayudaremos a dise\u00f1ar de principio a fin un espacio funcional y atractivo, completamente a medida. Te conoceremos a ti y a tu marca para poder hacer tu visi\u00f3n una realidad.<\/p>\n<\/div>\n                            \t\t\t\t\t\t\t\t<div class=\"spacer-single\"><\/div>\n\t                            <a class=\"btn-line\" href=\"https:\/\/gruporacvel.com\/index.php\/service\/commercial-design\/\">Read More<\/a>\n\t\t\t\t\t\t\t                        <\/div>\n                        <div class=\"clearfix\"><\/div>\n                    <\/div>\n                <\/div>\n            <\/div>\n            \n        <\/section>            \n\t\n\t\t\n\n[\/vc_column][\/vc_row]<\/p>\n","protected":false},"excerpt":{"rendered":"<p>[vc_row fullwidth=&#8221;yes&#8221;][vc_column][\/vc_column][\/vc_row]<\/p>\n","protected":false},"author":1,"featured_media":0,"parent":0,"menu_order":0,"comment_status":"closed","ping_status":"closed","template":"page-templates\/template-fullwidth.php","meta":{"_monsterinsights_skip_tracking":false,"_monsterinsights_sitenote_active":false,"_monsterinsights_sitenote_note":"","_monsterinsights_sitenote_category":0,"footnotes":""},"class_list":["post-1778","page","type-page","status-publish","hentry"],"_links":{"self":[{"href":"https:\/\/gruporacvel.com\/index.php\/wp-json\/wp\/v2\/pages\/1778","targetHints":{"allow":["GET"]}}],"collection":[{"href":"https:\/\/gruporacvel.com\/index.php\/wp-json\/wp\/v2\/pages"}],"about":[{"href":"https:\/\/gruporacvel.com\/index.php\/wp-json\/wp\/v2\/types\/page"}],"author":[{"embeddable":true,"href":"https:\/\/gruporacvel.com\/index.php\/wp-json\/wp\/v2\/users\/1"}],"replies":[{"embeddable":true,"href":"https:\/\/gruporacvel.com\/index.php\/wp-json\/wp\/v2\/comments?post=1778"}],"version-history":[{"count":0,"href":"https:\/\/gruporacvel.com\/index.php\/wp-json\/wp\/v2\/pages\/1778\/revisions"}],"wp:attachment":[{"href":"https:\/\/gruporacvel.com\/index.php\/wp-json\/wp\/v2\/media?parent=1778"}],"curies":[{"name":"wp","href":"https:\/\/api.w.org\/{rel}","templated":true}]}}