{"id":1782,"date":"2013-06-07T11:07:19","date_gmt":"2013-06-07T11:07:19","guid":{"rendered":"http:\/\/demo2.woothemes.com\/woocommerce\/?post_type=product&#038;p=56"},"modified":"2025-11-25T21:14:32","modified_gmt":"2025-11-25T21:14:32","slug":"ninja-silhouette-2","status":"publish","type":"product","link":"https:\/\/gruporacvel.com\/index.php\/product\/ninja-silhouette-2\/","title":{"rendered":"O3SN"},"content":{"rendered":"<h3 class=\"_2qrJF\" data-hook=\"product-title\">Sistema Multifuncional de Desinfecci\u00f3n de Ambientes y Alimentos<\/h3>\n<p>El\u00a0<em><strong>O3 System<\/strong><\/em>, tiene una funci\u00f3n adicional de iones negativos, adem\u00e1s de la funci\u00f3n normal de ozono.<\/p>\n<p>El\u00a0<em><strong>O3 System<\/strong><\/em>\u00a0libera iones negativos ecol\u00f3gicos mismos que eliminan eficazmente el polvo y usted puede vivir en un ambiente de aire m\u00e1s limpio. Por lo tanto, ayuda a las personas con problemas en las v\u00edas respiratorias o rinitis. Los iones negativos son relajantes y alivian la fatiga, ya que los iones negativos de la naturaleza tienen este poder m\u00e1gico.<\/p>\n<p><strong>Beneficios:<\/strong><\/p>\n<ul>\n<li>Elimina virus, bacterias y cualquier pat\u00f3geno en el aire, agua, art\u00edculos y superficies<\/li>\n<li>Desinfecta frutas, verduras y alimentos<\/li>\n<li>Esteriliza utensilios<\/li>\n<li>Descontamina y purifica el aire<\/li>\n<li>Elimina olores<\/li>\n<\/ul>\n<p><strong>Caracter\u00edsticas:<\/strong><\/p>\n<ul>\n<li>Potencia: 600mg\/h<\/li>\n<li>Display Digital<\/li>\n<li>Bajo consumo energ\u00e9tico<\/li>\n<li>Larga duraci\u00f3n: hasta 40,000 horas<\/li>\n<li>No se requiere de mantenimiento<\/li>\n<\/ul>\n<hr \/>\n<p><img loading=\"lazy\" decoding=\"async\" class=\"aligncenter wp-image-2158 size-full\" src=\"https:\/\/gruporacvel.com\/wp-content\/uploads\/2013\/06\/O3SN-01.png\" alt=\"\" width=\"1088\" height=\"816\" srcset=\"https:\/\/gruporacvel.com\/wp-content\/uploads\/2013\/06\/O3SN-01.png 1088w, https:\/\/gruporacvel.com\/wp-content\/uploads\/2013\/06\/O3SN-01-300x225.png 300w, https:\/\/gruporacvel.com\/wp-content\/uploads\/2013\/06\/O3SN-01-1024x768.png 1024w, https:\/\/gruporacvel.com\/wp-content\/uploads\/2013\/06\/O3SN-01-768x576.png 768w, https:\/\/gruporacvel.com\/wp-content\/uploads\/2013\/06\/O3SN-01-600x450.png 600w\" sizes=\"auto, (max-width: 1088px) 100vw, 1088px\" \/><\/p>\n<p><img loading=\"lazy\" decoding=\"async\" class=\"aligncenter wp-image-2140 size-full\" src=\"https:\/\/gruporacvel.com\/wp-content\/uploads\/2013\/06\/ozono06.jpg\" alt=\"\" width=\"751\" height=\"423\" srcset=\"https:\/\/gruporacvel.com\/wp-content\/uploads\/2013\/06\/ozono06.jpg 751w, https:\/\/gruporacvel.com\/wp-content\/uploads\/2013\/06\/ozono06-300x169.jpg 300w, https:\/\/gruporacvel.com\/wp-content\/uploads\/2013\/06\/ozono06-600x338.jpg 600w\" sizes=\"auto, (max-width: 751px) 100vw, 751px\" \/><\/p>\n<p><img loading=\"lazy\" decoding=\"async\" class=\"aligncenter wp-image-2141 size-large\" src=\"https:\/\/gruporacvel.com\/wp-content\/uploads\/2013\/06\/ozono07-1024x431.jpg\" alt=\"\" width=\"1024\" height=\"431\" srcset=\"https:\/\/gruporacvel.com\/wp-content\/uploads\/2013\/06\/ozono07-1024x431.jpg 1024w, https:\/\/gruporacvel.com\/wp-content\/uploads\/2013\/06\/ozono07-300x126.jpg 300w, https:\/\/gruporacvel.com\/wp-content\/uploads\/2013\/06\/ozono07-768x323.jpg 768w, https:\/\/gruporacvel.com\/wp-content\/uploads\/2013\/06\/ozono07-600x253.jpg 600w, https:\/\/gruporacvel.com\/wp-content\/uploads\/2013\/06\/ozono07.jpg 1200w\" sizes=\"auto, (max-width: 1024px) 100vw, 1024px\" \/><\/p>\n<h2 style=\"text-align: center;\">NUESTROS CERTIFICADOS<\/h2>\n<p><img loading=\"lazy\" decoding=\"async\" class=\"aligncenter wp-image-2142 size-full\" src=\"https:\/\/gruporacvel.com\/wp-content\/uploads\/2013\/06\/certificados.jpg\" alt=\"\" width=\"1173\" height=\"768\" srcset=\"https:\/\/gruporacvel.com\/wp-content\/uploads\/2013\/06\/certificados.jpg 1173w, https:\/\/gruporacvel.com\/wp-content\/uploads\/2013\/06\/certificados-300x196.jpg 300w, https:\/\/gruporacvel.com\/wp-content\/uploads\/2013\/06\/certificados-1024x670.jpg 1024w, https:\/\/gruporacvel.com\/wp-content\/uploads\/2013\/06\/certificados-768x503.jpg 768w, https:\/\/gruporacvel.com\/wp-content\/uploads\/2013\/06\/certificados-600x393.jpg 600w\" sizes=\"auto, (max-width: 1173px) 100vw, 1173px\" \/><\/p>\n","protected":false},"excerpt":{"rendered":"<h2 class=\"_2qrJF\" data-hook=\"product-title\">Sistema Multifuncional de Desinfecci\u00f3n de Ambientes y Alimentos<\/h2>\n","protected":false},"featured_media":2160,"comment_status":"open","ping_status":"closed","template":"","meta":{"_monsterinsights_skip_tracking":false,"_monsterinsights_sitenote_active":false,"_monsterinsights_sitenote_note":"","_monsterinsights_sitenote_category":0},"product_cat":[221],"product_tag":[],"class_list":["post-1782","product","type-product","status-publish","has-post-thumbnail","hentry","product_cat-agua-h2o-bt3"],"_links":{"self":[{"href":"https:\/\/gruporacvel.com\/index.php\/wp-json\/wp\/v2\/product\/1782","targetHints":{"allow":["GET"]}}],"collection":[{"href":"https:\/\/gruporacvel.com\/index.php\/wp-json\/wp\/v2\/product"}],"about":[{"href":"https:\/\/gruporacvel.com\/index.php\/wp-json\/wp\/v2\/types\/product"}],"replies":[{"embeddable":true,"href":"https:\/\/gruporacvel.com\/index.php\/wp-json\/wp\/v2\/comments?post=1782"}],"wp:featuredmedia":[{"embeddable":true,"href":"https:\/\/gruporacvel.com\/index.php\/wp-json\/wp\/v2\/media\/2160"}],"wp:attachment":[{"href":"https:\/\/gruporacvel.com\/index.php\/wp-json\/wp\/v2\/media?parent=1782"}],"wp:term":[{"taxonomy":"product_cat","embeddable":true,"href":"https:\/\/gruporacvel.com\/index.php\/wp-json\/wp\/v2\/product_cat?post=1782"},{"taxonomy":"product_tag","embeddable":true,"href":"https:\/\/gruporacvel.com\/index.php\/wp-json\/wp\/v2\/product_tag?post=1782"}],"curies":[{"name":"wp","href":"https:\/\/api.w.org\/{rel}","templated":true}]}}