{"id":1784,"date":"2013-06-07T11:29:44","date_gmt":"2013-06-07T11:29:44","guid":{"rendered":"http:\/\/demo2.woothemes.com\/woocommerce\/?post_type=product&#038;p=79"},"modified":"2025-11-16T07:46:07","modified_gmt":"2025-11-16T07:46:07","slug":"woo-logo-3","status":"publish","type":"product","link":"https:\/\/gruporacvel.com\/index.php\/product\/woo-logo-3\/","title":{"rendered":"Home Health 3"},"content":{"rendered":"<h3 class=\"_2qrJF\" data-hook=\"product-title\">Sistema de Purificaci\u00f3n de Agua Alcalina para el Hogar 300,000 Litros<\/h3>\n<p>Este purificador lleva al\u00a0<strong>Home Health 2<\/strong>, nuestro cl\u00e1sico purificador modular con capacidad de 10 litros por minuto, a otro nivel agreg\u00e1ndole la flexibilidad de un tercer cartucho a elegir que lo vuelven el purificador ideal para tratar agua con caracter\u00edsticas especiales.<\/p>\n<p>Ideal para casas y departamentos de hasta 400 m2<\/p>\n<p>El tercer cartucho puede ser:<\/p>\n<ul>\n<li>Cart. de sedimento de 50 micras = para limpiar agua muy terrosa, alta en sedimentos.<\/li>\n<li>Cart. de sedimento de 1 micra = para eliminar hasta los sedimentos m\u00e1s peque\u00f1os.<\/li>\n<li>Cart. de carb\u00f3n activado granular = para filtrar un agua alta en sustancias org\u00e1nicas, qu\u00edmicas, olores y\/o sabores.<\/li>\n<li>Cart. de resina suavizadora= para evitar la formaci\u00f3n de sarro en tuber\u00edas y cafeteras.<\/li>\n<li>Cart. ionizador = agua alcalina antioxidante, rica en electrones libres. Al ser un agua con part\u00edculas m\u00e1s peque\u00f1as, nuestro cuerpo la absorbe m\u00e1s f\u00e1cilmente, mejorando su hidrataci\u00f3n hasta en un 70%. Aumenra el pH y energiza el agua con perlas de bio-cer\u00e1mica.<\/li>\n<\/ul>\n<p>Para m\u00e1s opciones, favor de contactarnos.<\/p>\n<p>La tecnolog\u00eda de luz U.V. que utiliza para purificar el agua est\u00e1 certificado por la\u00a0<strong>COFEPRIS<\/strong>, quien avala que cumple con la\u00a0<strong>NOM-244\u2013SSA1<\/strong>.<\/p>\n<p><strong>*NOTAS:<\/strong><\/p>\n<ul>\n<li>I.V.A. No inclu\u00eddo<\/li>\n<li>No se incluye gastos de env\u00edo<\/li>\n<\/ul>\n<hr \/>\n<h2 style=\"text-align: center;\">NUESTROS CERTIFICADOS<\/h2>\n<p><img loading=\"lazy\" decoding=\"async\" class=\"aligncenter wp-image-2142 size-large\" src=\"https:\/\/gruporacvel.com\/wp-content\/uploads\/2013\/06\/certificados-1024x670.jpg\" alt=\"\" width=\"1024\" height=\"670\" srcset=\"https:\/\/gruporacvel.com\/wp-content\/uploads\/2013\/06\/certificados-1024x670.jpg 1024w, https:\/\/gruporacvel.com\/wp-content\/uploads\/2013\/06\/certificados-300x196.jpg 300w, https:\/\/gruporacvel.com\/wp-content\/uploads\/2013\/06\/certificados-768x503.jpg 768w, https:\/\/gruporacvel.com\/wp-content\/uploads\/2013\/06\/certificados-600x393.jpg 600w, https:\/\/gruporacvel.com\/wp-content\/uploads\/2013\/06\/certificados.jpg 1173w\" sizes=\"auto, (max-width: 1024px) 100vw, 1024px\" \/><\/p>\n","protected":false},"excerpt":{"rendered":"<h2 class=\"_2qrJF\" data-hook=\"product-title\">Sistema de Purificaci\u00f3n de Agua Alcalina para el Hogar 300,000 Litros<\/h2>\n","protected":false},"featured_media":2147,"comment_status":"open","ping_status":"closed","template":"","meta":{"_monsterinsights_skip_tracking":false,"_monsterinsights_sitenote_active":false,"_monsterinsights_sitenote_note":"","_monsterinsights_sitenote_category":0},"product_cat":[221],"product_tag":[],"class_list":["post-1784","product","type-product","status-publish","has-post-thumbnail","hentry","product_cat-agua-h2o-bt3"],"_links":{"self":[{"href":"https:\/\/gruporacvel.com\/index.php\/wp-json\/wp\/v2\/product\/1784","targetHints":{"allow":["GET"]}}],"collection":[{"href":"https:\/\/gruporacvel.com\/index.php\/wp-json\/wp\/v2\/product"}],"about":[{"href":"https:\/\/gruporacvel.com\/index.php\/wp-json\/wp\/v2\/types\/product"}],"replies":[{"embeddable":true,"href":"https:\/\/gruporacvel.com\/index.php\/wp-json\/wp\/v2\/comments?post=1784"}],"wp:featuredmedia":[{"embeddable":true,"href":"https:\/\/gruporacvel.com\/index.php\/wp-json\/wp\/v2\/media\/2147"}],"wp:attachment":[{"href":"https:\/\/gruporacvel.com\/index.php\/wp-json\/wp\/v2\/media?parent=1784"}],"wp:term":[{"taxonomy":"product_cat","embeddable":true,"href":"https:\/\/gruporacvel.com\/index.php\/wp-json\/wp\/v2\/product_cat?post=1784"},{"taxonomy":"product_tag","embeddable":true,"href":"https:\/\/gruporacvel.com\/index.php\/wp-json\/wp\/v2\/product_tag?post=1784"}],"curies":[{"name":"wp","href":"https:\/\/api.w.org\/{rel}","templated":true}]}}