{"id":1785,"date":"2013-06-07T11:35:18","date_gmt":"2013-06-07T11:35:18","guid":{"rendered":"http:\/\/demo2.woothemes.com\/woocommerce\/?post_type=product&#038;p=90"},"modified":"2025-11-16T07:43:27","modified_gmt":"2025-11-16T07:43:27","slug":"woo-album-3","status":"publish","type":"product","link":"https:\/\/gruporacvel.com\/index.php\/product\/woo-album-3\/","title":{"rendered":"\u00d3smosis Inversa"},"content":{"rendered":"<h2 class=\"_2qrJF\" data-hook=\"product-title\">Sistema de Purificaci\u00f3n de Agua Alcalina Bajo Tarja Por \u00d3smosis Inversa<\/h2>\n<p><b>El Sistema de purificaci\u00f3n de Agua OsmoH2O es muy completo y compacto a trav\u00e9s de la tecnolog\u00eda de purificaci\u00f3n de \u00d3smosis Inversa de 5 Etapas que produce 380 litros al d\u00eda de agua purificada.<\/b><\/p>\n<p>Este sistema de purificaci\u00f3n de agua alcalina es especial para lugares donde el agua es de muy mala calidad.<\/p>\n<ul>\n<li>Certificado por <strong>CE y Cofepris<\/strong><\/li>\n<li>Produce agua ligera<\/li>\n<li>Elimina sedimentos, olores, sabores, cloro, sales, metales, bacterias, virus, etc.<\/li>\n<\/ul>\n<p>&nbsp;<\/p>\n<p><strong>ETAPAS DE FILTRACI\u00d3N Y PURIFICACI\u00d3N:<\/strong><\/p>\n<p><strong>1\u00aa etapa:<\/strong>\u00a0Cartucho de sedimento = Retiene s\u00f3lidos, produciendo agua cristalina<\/p>\n<p><strong>2\u00aa y 3\u00aa etapa:<\/strong>\u00a0Cartuchos de carb\u00f3n activado = Retienen org\u00e1nicos y qu\u00edmicos, eliminando olores y sabores<\/p>\n<p><strong>4\u00aa etapa:<\/strong>\u00a0Membrana de O.I. = Remueve sales, metales pesados, bacterias y virus<\/p>\n<p><strong>5\u00aa etapa:<\/strong>\u00a0Cartucho pulidor de carb\u00f3n granular = Asegura que el agua tenga un gran sabor<\/p>\n<p><strong>6\u00aa etapa:<\/strong> Cartucho Alcalino = Modifica el pH del agua y este puede ser desde 7.5 hasta 9.5<\/p>\n<p>&nbsp;<\/p>\n<p><strong>DATOS T\u00c9CNICOS:<\/strong><\/p>\n<ul>\n<li>Capacidad de purificaci\u00f3n = hasta 380 litros por d\u00eda (100 gal.)<\/li>\n<li>Capacidad del tanque de almacenamiento (incluido) = 12 litros.<\/li>\n<li>Filtraci\u00f3n nominal = cartucho de sedimento de 5 micras.<\/li>\n<\/ul>\n<p><strong>*NOTAS:<\/strong><\/p>\n<ul>\n<li>I.V.A. No incluido.<\/li>\n<li>No se incluye gastos de env\u00edo<\/li>\n<\/ul>\n<hr \/>\n<h2 style=\"text-align: center;\">NUESTROS CERTIFICADOS<\/h2>\n<p><img loading=\"lazy\" decoding=\"async\" class=\"aligncenter wp-image-2142 size-large\" src=\"https:\/\/gruporacvel.com\/wp-content\/uploads\/2013\/06\/certificados-1024x670.jpg\" alt=\"\" width=\"1024\" height=\"670\" srcset=\"https:\/\/gruporacvel.com\/wp-content\/uploads\/2013\/06\/certificados-1024x670.jpg 1024w, https:\/\/gruporacvel.com\/wp-content\/uploads\/2013\/06\/certificados-300x196.jpg 300w, https:\/\/gruporacvel.com\/wp-content\/uploads\/2013\/06\/certificados-768x503.jpg 768w, https:\/\/gruporacvel.com\/wp-content\/uploads\/2013\/06\/certificados-600x393.jpg 600w, https:\/\/gruporacvel.com\/wp-content\/uploads\/2013\/06\/certificados.jpg 1173w\" sizes=\"auto, (max-width: 1024px) 100vw, 1024px\" \/><\/p>\n","protected":false},"excerpt":{"rendered":"<h1 style=\"text-align: left;\">OSMO H2O<\/h1>\n<h2>Sistema de Purificaci\u00f3n de Agua Alcalina a trav\u00e9s de Osmosis Inversa<\/h2>\n<h3 class=\"Text4261962342__root Text4261962342---typography-11-runningText Text4261962342---priority-7-primary s8gg2 _2UIKs InfoSectionTitle3095652555__root\" aria-hidden=\"false\" data-hook=\"info-section-title\">Garant\u00eda<\/h3>\n<div class=\"_2tV5m fggS- cell\"><\/div>\n<div class=\"rah-static rah-static--height-auto\" aria-hidden=\"false\">\n<div>\n<div class=\"_1yvxJ fggS- cell\">\n<div class=\"WncCi\" data-hook=\"info-section-description\">\n<p>El Sistema de Purificaci\u00f3n de Agua Alcalina a trav\u00e9s de \u00d3smosis Inversa tiene 50 a\u00f1os de garant\u00eda contra cualquier defecto de f\u00e1brica.<\/p>\n<p>Los precios est\u00e1n en Moneda MX.<\/p>\n<\/div>\n<\/div>\n<\/div>\n<\/div>\n","protected":false},"featured_media":2133,"comment_status":"open","ping_status":"closed","template":"","meta":{"_monsterinsights_skip_tracking":false,"_monsterinsights_sitenote_active":false,"_monsterinsights_sitenote_note":"","_monsterinsights_sitenote_category":0},"product_cat":[221],"product_tag":[],"class_list":["post-1785","product","type-product","status-publish","has-post-thumbnail","hentry","product_cat-agua-h2o-bt3"],"_links":{"self":[{"href":"https:\/\/gruporacvel.com\/index.php\/wp-json\/wp\/v2\/product\/1785","targetHints":{"allow":["GET"]}}],"collection":[{"href":"https:\/\/gruporacvel.com\/index.php\/wp-json\/wp\/v2\/product"}],"about":[{"href":"https:\/\/gruporacvel.com\/index.php\/wp-json\/wp\/v2\/types\/product"}],"replies":[{"embeddable":true,"href":"https:\/\/gruporacvel.com\/index.php\/wp-json\/wp\/v2\/comments?post=1785"}],"wp:featuredmedia":[{"embeddable":true,"href":"https:\/\/gruporacvel.com\/index.php\/wp-json\/wp\/v2\/media\/2133"}],"wp:attachment":[{"href":"https:\/\/gruporacvel.com\/index.php\/wp-json\/wp\/v2\/media?parent=1785"}],"wp:term":[{"taxonomy":"product_cat","embeddable":true,"href":"https:\/\/gruporacvel.com\/index.php\/wp-json\/wp\/v2\/product_cat?post=1785"},{"taxonomy":"product_tag","embeddable":true,"href":"https:\/\/gruporacvel.com\/index.php\/wp-json\/wp\/v2\/product_tag?post=1785"}],"curies":[{"name":"wp","href":"https:\/\/api.w.org\/{rel}","templated":true}]}}