{"id":1786,"date":"2013-06-07T11:37:23","date_gmt":"2013-06-07T11:37:23","guid":{"rendered":"http:\/\/demo2.woothemes.com\/woocommerce\/?post_type=product&#038;p=96"},"modified":"2026-02-11T11:47:07","modified_gmt":"2026-02-11T11:47:07","slug":"woo-album-4","status":"publish","type":"product","link":"https:\/\/gruporacvel.com\/index.php\/product\/woo-album-4\/","title":{"rendered":"Purificador de Agua H2O BT3"},"content":{"rendered":"<h2>Sistema de Purificaci\u00f3n de Agua Bajo Tarja con Luz UV<\/h2>\n<p><b>Un Sistema <\/b><b>purificador<\/b><b> muy completo y compacto que produce <\/b><b>380 litros de agua <\/b><b>purificada<\/b><\/p>\n<ul>\n<li>Certificado por &#8220;<b>Cofepris&#8221; y &#8220;CE&#8221;<\/b><\/li>\n<li>Produce agua ligera<\/li>\n<li>Elimina sedimentos, olores, sabores, cloro, sales, metales, bacterias, virus, etc.<\/li>\n<\/ul>\n<p><b>ETAPAS DE FILTRACI\u00d3N Y PURIFICACI\u00d3N:<\/b><\/p>\n<p><b>1\u00aa etapa:<\/b>\u00a0Cartucho de sedimento = Retiene s\u00f3lidos, produciendo agua cristalina<\/p>\n<p><b>2\u00aa etapa:<\/b>\u00a0Cartuchos de carb\u00f3n activado = Retienen org\u00e1nicos y qu\u00edmicos, eliminando olores y sabores<\/p>\n<p><b>3\u00aa etapa:<\/b>\u00a0Cartucho pulidor de carb\u00f3n granular para eliminar olores y sabores<\/p>\n<p><b>4\u00aa etapa:<\/b>\u00a0Poderosa l\u00e1mpara U.V. marca Philips que elimina bacteria y virus, PURIFICANDO el agua<\/p>\n<p><b>DATOS T\u00c9CNICOS:<\/b><\/p>\n<ul>\n<li>Capacidad de purificaci\u00f3n = hasta 380 litros por d\u00eda.<\/li>\n<li>Filtraci\u00f3n nominal = cartucho de sedimento de 5 micras<\/li>\n<li>Corriente el\u00e9ctrica necesaria para alimentar la bomba = 120 volts<\/li>\n<\/ul>\n<p><strong>*NOTAS:<\/strong><\/p>\n<ul>\n<li>I.V.A. No incluido.<\/li>\n<li>No se incluye gastos de env\u00edo<\/li>\n<\/ul>\n<hr \/>\n<h2 style=\"text-align: center;\">NUESTROS CERTIFICADOS<\/h2>\n<p><img loading=\"lazy\" decoding=\"async\" class=\"aligncenter wp-image-2142 size-large\" src=\"https:\/\/gruporacvel.com\/wp-content\/uploads\/2013\/06\/certificados-1024x670.jpg\" alt=\"\" width=\"1024\" height=\"670\" srcset=\"https:\/\/gruporacvel.com\/wp-content\/uploads\/2013\/06\/certificados-1024x670.jpg 1024w, https:\/\/gruporacvel.com\/wp-content\/uploads\/2013\/06\/certificados-300x196.jpg 300w, https:\/\/gruporacvel.com\/wp-content\/uploads\/2013\/06\/certificados-768x503.jpg 768w, https:\/\/gruporacvel.com\/wp-content\/uploads\/2013\/06\/certificados-600x393.jpg 600w, https:\/\/gruporacvel.com\/wp-content\/uploads\/2013\/06\/certificados.jpg 1173w\" sizes=\"auto, (max-width: 1024px) 100vw, 1024px\" \/><\/p>\n","protected":false},"excerpt":{"rendered":"<div class=\"fggS- cell\">\n<h2 data-hook=\"product-title\">Purificador de Agua H2O BT3<\/h2>\n<h3 class=\"_2qrJF\" style=\"text-align: left;\" data-hook=\"product-title\">Sistema de Purificaci\u00f3n de Agua Bajo Tarja con Luz UV<\/h3>\n<\/div>\n<div class=\"_3v07J fggS- cell\">\n<div style=\"text-align: left;\" data-hook=\"sku\">Los precios est\u00e1n en Moneda Mex<\/div>\n<\/div>\n<div data-hook=\"sku\"><\/div>\n","protected":false},"featured_media":2092,"comment_status":"open","ping_status":"closed","template":"","meta":{"_monsterinsights_skip_tracking":false,"_monsterinsights_sitenote_active":false,"_monsterinsights_sitenote_note":"","_monsterinsights_sitenote_category":0},"product_cat":[221],"product_tag":[239],"class_list":["post-1786","product","type-product","status-publish","has-post-thumbnail","hentry","product_cat-agua-h2o-bt3","product_tag-purificador"],"_links":{"self":[{"href":"https:\/\/gruporacvel.com\/index.php\/wp-json\/wp\/v2\/product\/1786","targetHints":{"allow":["GET"]}}],"collection":[{"href":"https:\/\/gruporacvel.com\/index.php\/wp-json\/wp\/v2\/product"}],"about":[{"href":"https:\/\/gruporacvel.com\/index.php\/wp-json\/wp\/v2\/types\/product"}],"replies":[{"embeddable":true,"href":"https:\/\/gruporacvel.com\/index.php\/wp-json\/wp\/v2\/comments?post=1786"}],"wp:featuredmedia":[{"embeddable":true,"href":"https:\/\/gruporacvel.com\/index.php\/wp-json\/wp\/v2\/media\/2092"}],"wp:attachment":[{"href":"https:\/\/gruporacvel.com\/index.php\/wp-json\/wp\/v2\/media?parent=1786"}],"wp:term":[{"taxonomy":"product_cat","embeddable":true,"href":"https:\/\/gruporacvel.com\/index.php\/wp-json\/wp\/v2\/product_cat?post=1786"},{"taxonomy":"product_tag","embeddable":true,"href":"https:\/\/gruporacvel.com\/index.php\/wp-json\/wp\/v2\/product_tag?post=1786"}],"curies":[{"name":"wp","href":"https:\/\/api.w.org\/{rel}","templated":true}]}}