{"id":2163,"date":"2022-07-18T13:32:47","date_gmt":"2022-07-18T13:32:47","guid":{"rendered":"https:\/\/gruporacvel.com\/?post_type=product&#038;p=2163"},"modified":"2025-10-07T23:22:20","modified_gmt":"2025-10-07T23:22:20","slug":"sello-de-oro-pack-5m-copia","status":"publish","type":"product","link":"https:\/\/gruporacvel.com\/index.php\/product\/sello-de-oro-pack-5m-copia\/","title":{"rendered":"Sello de Oro Pack 5M"},"content":{"rendered":"<h3>Nuestros purificadores\u00a0<strong>SELLO DE ORO<\/strong> son nuestros equipos m\u00e1s econ\u00f3micos en cuanto a costo por litro y los m\u00e1s f\u00e1ciles de mantener: \u00a1se lavan y regeneran solos!<\/h3>\n<p><strong>Son los purificadores ideales para:<\/strong><\/p>\n<ul>\n<li>Aplicaciones que requieren 20 + litros por minuto de agua purificada<\/li>\n<li>Ahorrar dinero al ser al menos 125 veces m\u00e1s econ\u00f3mico que los garrafones.<\/li>\n<li>Personas que buscan darle a su familia o negocio la mayor cantidad de agua purificada al menor costo x litro = \u00a1Purifica hasta 1.2 MILLONES de litros antes de requerir mantenimiento!**<\/li>\n<li>Tener una empresa u hogar m\u00e1s ecol\u00f3gico y una ciudad m\u00e1s limpia al dejar de consumir garrafones y contaminar la ciudad con los camiones que los transportan.<\/li>\n<li>Personas que buscan un equipo que se limpia y regenera solo = mantenimiento m\u00ednimo.<\/li>\n<li>\u00a1El costo por litro de agua purificada producido por el <strong>SELLO DE ORO 50 M<\/strong>\u00a0es de $0.009 o menos!<\/li>\n<\/ul>\n<p><strong>ETAPAS DE FILTRADO Y PURIFICACI\u00d3N:<\/strong><\/p>\n<p><strong>Tanque #1<\/strong>\u00a0\u2013 Este tanque se encarga de producir agua cristalina = Filtro de lecho profundo que elimina sedimentos y s\u00f3lidos disueltos, produciendo agua cristalina.<\/p>\n<p><strong>Tanque #2\u00a0<\/strong>\u2013 Este tanque elimina sustancias org\u00e1nicas y qu\u00edmicas que le dan al agua mal olor y sabor = Utiliza un compuesto que incluye carb\u00f3n activado para eliminar un sinf\u00edn de sustancias nocivas, tales como el cloro.<\/p>\n<p><strong>3\u00aa etapa:<\/strong>\u00a0L\u00e1mpara U.V. que elimina bacteria y virus, PURIFICANDO el agua<\/p>\n<p><strong>DATOS T\u00c9CNICOS<\/strong><\/p>\n<ul>\n<li>RANGO DE TEMPERATURA DEL AGUA DE ENTRADA = DE 1\u00b0C A 35\u00b0C.<\/li>\n<li>FLUJO DE SALIDA = 50 LITROS POR MINUTO<\/li>\n<li>PRESION M\u00c1XIMA DEL AGUA DE ENTRADA = 125 P.S.I. (8.62 BAR).<\/li>\n<li>FILTRACION NOMINAL = 10 MICRAS<\/li>\n<li>CORRIENTE ELECTRICA NECESARIA PARA ALIMENTAR LA LUZ U.V. = 120 V<\/li>\n<li>CORRIENTE EL\u00c9CTRICA NECESARIA PARA ALIMENTAR EL CONTROL AUTOM\u00c1TICO = 120 V<\/li>\n<li>RETRO-LAVADO = MEDIANTE CONTROL AUTOM\u00c1TICO (A) O CONTROL MANUAL (M)<\/li>\n<\/ul>\n<p><strong>*NOTAS:<\/strong><\/p>\n<ul>\n<li>Por favor pregunta a nuestros asesores por este producto para su calculo en el sitio que desea usar.<\/li>\n<li>Env\u00edanos un WhatsApp que aparece en la pantalla y uno de nuestros asesores te ayudar\u00e1 en todo lo que necesites para tu proyecto.<\/li>\n<li>I.V.A. No incluido.<\/li>\n<li>No se incluye gastos de env\u00edo<\/li>\n<\/ul>\n<hr \/>\n<h2 style=\"text-align: center;\">NUESTROS CERTIFICADOS<\/h2>\n<p><img loading=\"lazy\" decoding=\"async\" class=\"aligncenter wp-image-2142 size-large\" src=\"https:\/\/gruporacvel.com\/wp-content\/uploads\/2013\/06\/certificados-1024x670.jpg\" alt=\"\" width=\"1024\" height=\"670\" srcset=\"https:\/\/gruporacvel.com\/wp-content\/uploads\/2013\/06\/certificados-1024x670.jpg 1024w, https:\/\/gruporacvel.com\/wp-content\/uploads\/2013\/06\/certificados-300x196.jpg 300w, https:\/\/gruporacvel.com\/wp-content\/uploads\/2013\/06\/certificados-768x503.jpg 768w, https:\/\/gruporacvel.com\/wp-content\/uploads\/2013\/06\/certificados-600x393.jpg 600w, https:\/\/gruporacvel.com\/wp-content\/uploads\/2013\/06\/certificados.jpg 1173w\" sizes=\"auto, (max-width: 1024px) 100vw, 1024px\" \/><\/p>\n","protected":false},"excerpt":{"rendered":"<h2 class=\"_2qrJF\" data-hook=\"product-title\">Sistema de Purificaci\u00f3n con Tanques de Alto Flujo &#8211; 50 Litros por Minuto<\/h2>\n","protected":false},"featured_media":2162,"comment_status":"open","ping_status":"closed","template":"","meta":{"_monsterinsights_skip_tracking":false,"_monsterinsights_sitenote_active":false,"_monsterinsights_sitenote_note":"","_monsterinsights_sitenote_category":0},"product_cat":[221],"product_tag":[],"class_list":["post-2163","product","type-product","status-publish","has-post-thumbnail","hentry","product_cat-agua-h2o-bt3"],"_links":{"self":[{"href":"https:\/\/gruporacvel.com\/index.php\/wp-json\/wp\/v2\/product\/2163","targetHints":{"allow":["GET"]}}],"collection":[{"href":"https:\/\/gruporacvel.com\/index.php\/wp-json\/wp\/v2\/product"}],"about":[{"href":"https:\/\/gruporacvel.com\/index.php\/wp-json\/wp\/v2\/types\/product"}],"replies":[{"embeddable":true,"href":"https:\/\/gruporacvel.com\/index.php\/wp-json\/wp\/v2\/comments?post=2163"}],"wp:featuredmedia":[{"embeddable":true,"href":"https:\/\/gruporacvel.com\/index.php\/wp-json\/wp\/v2\/media\/2162"}],"wp:attachment":[{"href":"https:\/\/gruporacvel.com\/index.php\/wp-json\/wp\/v2\/media?parent=2163"}],"wp:term":[{"taxonomy":"product_cat","embeddable":true,"href":"https:\/\/gruporacvel.com\/index.php\/wp-json\/wp\/v2\/product_cat?post=2163"},{"taxonomy":"product_tag","embeddable":true,"href":"https:\/\/gruporacvel.com\/index.php\/wp-json\/wp\/v2\/product_tag?post=2163"}],"curies":[{"name":"wp","href":"https:\/\/api.w.org\/{rel}","templated":true}]}}