{"id":736,"date":"2013-06-07T11:12:55","date_gmt":"2013-06-07T11:12:55","guid":{"rendered":"http:\/\/demo2.woothemes.com\/woocommerce\/?post_type=product&#038;p=60"},"modified":"2025-10-15T19:35:23","modified_gmt":"2025-10-15T19:35:23","slug":"woo-logo-2","status":"publish","type":"product","link":"https:\/\/gruporacvel.com\/index.php\/product\/woo-logo-2\/","title":{"rendered":"Filtro Ducha Alcalina"},"content":{"rendered":"<h3>Experimenta Una Nueva Sensaci\u00f3n de Pureza y Humectaci\u00f3n al Ba\u00f1arte con Agua Purificada<\/h3>\n<p><strong>CARACTER\u00cdSTICAS:<\/strong><\/p>\n<ul>\n<li>15 Etapas de Purificaci\u00f3n de Agua<\/li>\n<li>Elimina el Cloro y los qu\u00edmicos del agua<\/li>\n<li>Nutre tu Piel y Cabello con Vitamina C y E<\/li>\n<li>Larga Duraci\u00f3n<\/li>\n<li>No Reduce la Presi\u00f3n del Agua<\/li>\n<li>Terapia en la Ducha<\/li>\n<\/ul>\n<p><strong>*NOTAS:<\/strong><\/p>\n<ul>\n<li>I.V.A. No inclu\u00eddo<\/li>\n<li>No se incluye gastos de env\u00edo<\/li>\n<\/ul>\n<hr \/>\n<p><img loading=\"lazy\" decoding=\"async\" class=\"aligncenter wp-image-2153 size-full\" src=\"https:\/\/gruporacvel.com\/wp-content\/uploads\/2013\/06\/filtroparaducha02.png\" alt=\"\" width=\"604\" height=\"816\" srcset=\"https:\/\/gruporacvel.com\/wp-content\/uploads\/2013\/06\/filtroparaducha02.png 604w, https:\/\/gruporacvel.com\/wp-content\/uploads\/2013\/06\/filtroparaducha02-222x300.png 222w, https:\/\/gruporacvel.com\/wp-content\/uploads\/2013\/06\/filtroparaducha02-600x811.png 600w\" sizes=\"auto, (max-width: 604px) 100vw, 604px\" \/><\/p>\n<p><img loading=\"lazy\" decoding=\"async\" class=\"aligncenter wp-image-2154 size-full\" src=\"https:\/\/gruporacvel.com\/wp-content\/uploads\/2013\/06\/filtroparaducha03.png\" alt=\"\" width=\"594\" height=\"816\" srcset=\"https:\/\/gruporacvel.com\/wp-content\/uploads\/2013\/06\/filtroparaducha03.png 594w, https:\/\/gruporacvel.com\/wp-content\/uploads\/2013\/06\/filtroparaducha03-218x300.png 218w\" sizes=\"auto, (max-width: 594px) 100vw, 594px\" \/><\/p>\n<p><img loading=\"lazy\" decoding=\"async\" class=\"aligncenter wp-image-2155\" src=\"https:\/\/gruporacvel.com\/wp-content\/uploads\/2013\/06\/filtroparaducha04.png\" alt=\"\" width=\"900\" height=\"675\" srcset=\"https:\/\/gruporacvel.com\/wp-content\/uploads\/2013\/06\/filtroparaducha04.png 720w, https:\/\/gruporacvel.com\/wp-content\/uploads\/2013\/06\/filtroparaducha04-300x225.png 300w, https:\/\/gruporacvel.com\/wp-content\/uploads\/2013\/06\/filtroparaducha04-600x450.png 600w\" sizes=\"auto, (max-width: 900px) 100vw, 900px\" \/><\/p>\n<h2 style=\"text-align: center;\">NUESTROS CERTIFICADOS<\/h2>\n<p><img loading=\"lazy\" decoding=\"async\" class=\"aligncenter wp-image-2142 size-large\" src=\"https:\/\/gruporacvel.com\/wp-content\/uploads\/2013\/06\/certificados-1024x670.jpg\" alt=\"\" width=\"1024\" height=\"670\" srcset=\"https:\/\/gruporacvel.com\/wp-content\/uploads\/2013\/06\/certificados-1024x670.jpg 1024w, https:\/\/gruporacvel.com\/wp-content\/uploads\/2013\/06\/certificados-300x196.jpg 300w, https:\/\/gruporacvel.com\/wp-content\/uploads\/2013\/06\/certificados-768x503.jpg 768w, https:\/\/gruporacvel.com\/wp-content\/uploads\/2013\/06\/certificados-600x393.jpg 600w, https:\/\/gruporacvel.com\/wp-content\/uploads\/2013\/06\/certificados.jpg 1173w\" sizes=\"auto, (max-width: 1024px) 100vw, 1024px\" \/><\/p>\n","protected":false},"excerpt":{"rendered":"<h2 class=\"_2qrJF\" data-hook=\"product-title\">Sistema de Purificaci\u00f3n de Agua Alcalina para la Ducha<\/h2>\n","protected":false},"featured_media":2152,"comment_status":"open","ping_status":"closed","template":"","meta":{"_monsterinsights_skip_tracking":false,"_monsterinsights_sitenote_active":false,"_monsterinsights_sitenote_note":"","_monsterinsights_sitenote_category":0},"product_cat":[221],"product_tag":[],"class_list":["post-736","product","type-product","status-publish","has-post-thumbnail","hentry","product_cat-agua-h2o-bt3"],"_links":{"self":[{"href":"https:\/\/gruporacvel.com\/index.php\/wp-json\/wp\/v2\/product\/736","targetHints":{"allow":["GET"]}}],"collection":[{"href":"https:\/\/gruporacvel.com\/index.php\/wp-json\/wp\/v2\/product"}],"about":[{"href":"https:\/\/gruporacvel.com\/index.php\/wp-json\/wp\/v2\/types\/product"}],"replies":[{"embeddable":true,"href":"https:\/\/gruporacvel.com\/index.php\/wp-json\/wp\/v2\/comments?post=736"}],"wp:featuredmedia":[{"embeddable":true,"href":"https:\/\/gruporacvel.com\/index.php\/wp-json\/wp\/v2\/media\/2152"}],"wp:attachment":[{"href":"https:\/\/gruporacvel.com\/index.php\/wp-json\/wp\/v2\/media?parent=736"}],"wp:term":[{"taxonomy":"product_cat","embeddable":true,"href":"https:\/\/gruporacvel.com\/index.php\/wp-json\/wp\/v2\/product_cat?post=736"},{"taxonomy":"product_tag","embeddable":true,"href":"https:\/\/gruporacvel.com\/index.php\/wp-json\/wp\/v2\/product_tag?post=736"}],"curies":[{"name":"wp","href":"https:\/\/api.w.org\/{rel}","templated":true}]}}