{"id":745,"date":"2013-06-07T11:34:14","date_gmt":"2013-06-07T11:34:14","guid":{"rendered":"http:\/\/demo2.woothemes.com\/woocommerce\/?post_type=product&#038;p=87"},"modified":"2025-11-16T07:42:42","modified_gmt":"2025-11-16T07:42:42","slug":"woo-album-2","status":"publish","type":"product","link":"https:\/\/gruporacvel.com\/index.php\/product\/woo-album-2\/","title":{"rendered":"03 Sistema"},"content":{"rendered":"<h2 class=\"_2qrJF\" data-hook=\"product-title\">Sistema de Desinfecci\u00f3n y Regeneraci\u00f3n de Alimentos<\/h2>\n<p>Desinfecta Alimentos, Sanitiza Ambientes, Fortalece tu Sistema Inmunol\u00f3gico<\/p>\n<p><strong>CARACTER\u00cdSTICAS:<\/strong><\/p>\n<ul>\n<li>Desinfecta Frutas, Verduras y Alimentos<\/li>\n<li>Elimina el Uso de Gotas Desinfectantes con Qu\u00edmicos T\u00f3xicos<\/li>\n<li>Destruye los Pesticidas y Conservadores Volviendo la Comida M\u00e1s Org\u00e1nica<\/li>\n<li>Expulsa las Toxinas y Hormonas A\u00f1adidas en Carnes, Aves, Pescados y Mariscos<\/li>\n<li>Esteriliza Utensilios de Cocina y Biberones<\/li>\n<li>Neutraliza Olores en Cocina y Refrigerador<\/li>\n<li>Entre Muchos Otros Beneficios<\/li>\n<\/ul>\n<p><strong>*NOTAS:<\/strong><\/p>\n<ul>\n<li>I.V.A. No inclu\u00eddo<\/li>\n<li>No se incluye gastos de env\u00edo<\/li>\n<\/ul>\n<hr \/>\n<h3><img loading=\"lazy\" decoding=\"async\" class=\"aligncenter wp-image-2140 size-full\" src=\"https:\/\/gruporacvel.com\/wp-content\/uploads\/2013\/06\/ozono06.jpg\" alt=\"\" width=\"751\" height=\"423\" srcset=\"https:\/\/gruporacvel.com\/wp-content\/uploads\/2013\/06\/ozono06.jpg 751w, https:\/\/gruporacvel.com\/wp-content\/uploads\/2013\/06\/ozono06-300x169.jpg 300w, https:\/\/gruporacvel.com\/wp-content\/uploads\/2013\/06\/ozono06-600x338.jpg 600w\" sizes=\"auto, (max-width: 751px) 100vw, 751px\" \/><\/h3>\n<h3><\/h3>\n<h2 style=\"padding-left: 40px; text-align: center;\">\u00bfQu\u00e9 es el Ozono <strong>0<\/strong>3?<\/h2>\n<p>El Ozono es un reconocido y excelente desinfectante, el mejor que produce la naturaleza. Este se forma cuando el Ox\u00edgeno entra en contacto con los rayos UV del Sol, as\u00ed como cuando hay tormentas el\u00e9ctricas.<\/p>\n<p>El Ozono es una mol\u00e9cula compuesta por 3 \u00e1tomos de Ox\u00edgeno que tiene la capacidad de oxidar y degradar la membrana lip\u00eddica (grasa) que protege a muchos tipos de hongos, bacterias y virus, incluyendo el COVID-19 y la Influenza.<\/p>\n<p>La enorme ventaja del Ozono es que la base es Ox\u00edgeno, a lo que ninguna persona es al\u00e9rgica, y es 3000 veces m\u00e1s potente y r\u00e1pido en la desinfecci\u00f3n que el Cloro, el cual s\u00ed puede ser riesgoso en su uso y manejo, y dejar residuos t\u00f3xicos.<\/p>\n<p>Seg\u00fan la OMS, el ozono es el desinfectante m\u00e1s potente contra todo tipo de microorganismos (hittos:\/\/www.who.int\/water sanitation_health\/dwa\/S04.pdf)<\/p>\n<p>\u00bfEl Ozono O, es bueno para destruirlos virus y las bacterias?<\/p>\n<p>El ozono destruye numerosos virus, bacterias y hongos, y es muy eficaz contra la familia de coronavirus. Hay estudios que demuestran que elimina m\u00e1s del 99% de los virus en tan solo 20 segundos.<\/p>\n<p>\u00bfEs complicado de usar?<\/p>\n<p>Su uso es sencillo, una vez conectada y programada para actuar, es necesario salir de la habitaci\u00f3n y mantener la puerta cerrada.<\/p>\n<p><img loading=\"lazy\" decoding=\"async\" class=\"aligncenter wp-image-2141 size-large\" src=\"https:\/\/gruporacvel.com\/wp-content\/uploads\/2013\/06\/ozono07-1024x431.jpg\" alt=\"\" width=\"1024\" height=\"431\" srcset=\"https:\/\/gruporacvel.com\/wp-content\/uploads\/2013\/06\/ozono07-1024x431.jpg 1024w, https:\/\/gruporacvel.com\/wp-content\/uploads\/2013\/06\/ozono07-300x126.jpg 300w, https:\/\/gruporacvel.com\/wp-content\/uploads\/2013\/06\/ozono07-768x323.jpg 768w, https:\/\/gruporacvel.com\/wp-content\/uploads\/2013\/06\/ozono07-600x253.jpg 600w, https:\/\/gruporacvel.com\/wp-content\/uploads\/2013\/06\/ozono07.jpg 1200w\" sizes=\"auto, (max-width: 1024px) 100vw, 1024px\" \/><\/p>\n<p>&nbsp;<\/p>\n<h2 style=\"text-align: center;\">NUESTROS CERTIFICADOS<\/h2>\n<p><img loading=\"lazy\" decoding=\"async\" class=\"aligncenter wp-image-2142 size-large\" src=\"https:\/\/gruporacvel.com\/wp-content\/uploads\/2013\/06\/certificados-1024x670.jpg\" alt=\"\" width=\"1024\" height=\"670\" srcset=\"https:\/\/gruporacvel.com\/wp-content\/uploads\/2013\/06\/certificados-1024x670.jpg 1024w, https:\/\/gruporacvel.com\/wp-content\/uploads\/2013\/06\/certificados-300x196.jpg 300w, https:\/\/gruporacvel.com\/wp-content\/uploads\/2013\/06\/certificados-768x503.jpg 768w, https:\/\/gruporacvel.com\/wp-content\/uploads\/2013\/06\/certificados-600x393.jpg 600w, https:\/\/gruporacvel.com\/wp-content\/uploads\/2013\/06\/certificados.jpg 1173w\" sizes=\"auto, (max-width: 1024px) 100vw, 1024px\" \/><\/p>\n","protected":false},"excerpt":{"rendered":"<h1 style=\"text-align: left;\">03 Sistema<\/h1>\n<h2 class=\"_2qrJF\" data-hook=\"product-title\">Sistema de Desinfecci\u00f3n y Regeneraci\u00f3n de Alimentos<\/h2>\n<p>Los precios est\u00e1n en moneda MX<\/p>\n","protected":false},"featured_media":2134,"comment_status":"open","ping_status":"closed","template":"","meta":{"_monsterinsights_skip_tracking":false,"_monsterinsights_sitenote_active":false,"_monsterinsights_sitenote_note":"","_monsterinsights_sitenote_category":0},"product_cat":[221],"product_tag":[],"class_list":["post-745","product","type-product","status-publish","has-post-thumbnail","hentry","product_cat-agua-h2o-bt3"],"_links":{"self":[{"href":"https:\/\/gruporacvel.com\/index.php\/wp-json\/wp\/v2\/product\/745","targetHints":{"allow":["GET"]}}],"collection":[{"href":"https:\/\/gruporacvel.com\/index.php\/wp-json\/wp\/v2\/product"}],"about":[{"href":"https:\/\/gruporacvel.com\/index.php\/wp-json\/wp\/v2\/types\/product"}],"replies":[{"embeddable":true,"href":"https:\/\/gruporacvel.com\/index.php\/wp-json\/wp\/v2\/comments?post=745"}],"wp:featuredmedia":[{"embeddable":true,"href":"https:\/\/gruporacvel.com\/index.php\/wp-json\/wp\/v2\/media\/2134"}],"wp:attachment":[{"href":"https:\/\/gruporacvel.com\/index.php\/wp-json\/wp\/v2\/media?parent=745"}],"wp:term":[{"taxonomy":"product_cat","embeddable":true,"href":"https:\/\/gruporacvel.com\/index.php\/wp-json\/wp\/v2\/product_cat?post=745"},{"taxonomy":"product_tag","embeddable":true,"href":"https:\/\/gruporacvel.com\/index.php\/wp-json\/wp\/v2\/product_tag?post=745"}],"curies":[{"name":"wp","href":"https:\/\/api.w.org\/{rel}","templated":true}]}}