{"id":747,"date":"2013-06-07T11:36:34","date_gmt":"2013-06-07T11:36:34","guid":{"rendered":"http:\/\/demo2.woothemes.com\/woocommerce\/?post_type=product&#038;p=93"},"modified":"2025-10-07T23:28:50","modified_gmt":"2025-10-07T23:28:50","slug":"woo-single-1","status":"publish","type":"product","link":"https:\/\/gruporacvel.com\/index.php\/product\/woo-single-1\/","title":{"rendered":"Alkaline BT3"},"content":{"rendered":"<h2 class=\"_2qrJF\" data-hook=\"product-title\">Sistema de Purificaci\u00f3n de Agua Alcalina Bajo Tarja con Luz UV<\/h2>\n<p>Este purificador combina toda la tecnolog\u00eda de vanguardia y la funcionalidad de nuestro purificador m\u00e1s popular y econ\u00f3mico, el AT2 UV+1 con la flexibilidad de un tercer cartucho personalizable que se adapta a tus necesidades.<\/p>\n<p>El Alkaline BT3 es un poderoso purificador de cuatro etapas que produce cuatro litros por minuto de agua purficada e incluye todo lo necesario para instalarlo debajo dela tarja de tu cocina.<\/p>\n<p>ETAPAS DE PURIFICACI\u00d3N:<\/p>\n<p>1 etapa: Cartucho de sedimento = Retiene s\u00f3lidos, produciendo agua cristalina<\/p>\n<p>2 etapa: Cartuchos de carb\u00f3n activado = Retienen org\u00e1nicos y qu\u00edmicos, eliminando olores y sabores<\/p>\n<p>3 etapa: Cartucho Alcalino= Modifica el pH del agua y este puede ser desde 7.5 hasta 9.5<\/p>\n<p>4 etapa: L\u00e1mpara UV. que elimina bacteria y virus, PURIFICANDO el agua<\/p>\n<p>DATOS T\u00c9CNICOS:<br \/>\n-Capacidad de purificaci\u00f3n = hasta 55 litros por d\u00eda.<br \/>\n-Filtraci\u00f3n nominal = cartucho de sedimento de 5 micras.<br \/>\n-Corriente el\u00e9ctrica necesaria para alimentar la bomba = 120 volts<\/p>\n<section class=\"_2h_HC\">\n<div class=\"_1FTz3 fggS- cell\">\n<section class=\"_2RbVQ\" data-hook=\"description-wrapper\">\n<div class=\"_3nbVj\">\n<div class=\"_3cRjW\" data-hook=\"content-wrapper\">\n<p><strong>*NOTAS:<\/strong><\/p>\n<ul>\n<li>I.V.A. No inclu\u00eddo<\/li>\n<li>No se incluye gastos de env\u00edo<\/li>\n<\/ul>\n<hr \/>\n<h2 style=\"text-align: center;\">NUESTROS CERTIFICADOS<\/h2>\n<p><img loading=\"lazy\" decoding=\"async\" class=\"aligncenter wp-image-2142 size-large\" src=\"https:\/\/gruporacvel.com\/wp-content\/uploads\/2013\/06\/certificados-1024x670.jpg\" alt=\"\" width=\"1024\" height=\"670\" srcset=\"https:\/\/gruporacvel.com\/wp-content\/uploads\/2013\/06\/certificados-1024x670.jpg 1024w, https:\/\/gruporacvel.com\/wp-content\/uploads\/2013\/06\/certificados-300x196.jpg 300w, https:\/\/gruporacvel.com\/wp-content\/uploads\/2013\/06\/certificados-768x503.jpg 768w, https:\/\/gruporacvel.com\/wp-content\/uploads\/2013\/06\/certificados-600x393.jpg 600w, https:\/\/gruporacvel.com\/wp-content\/uploads\/2013\/06\/certificados.jpg 1173w\" sizes=\"auto, (max-width: 1024px) 100vw, 1024px\" \/><\/p>\n<\/div>\n<\/div>\n<\/section>\n<\/div>\n<\/section>\n","protected":false},"excerpt":{"rendered":"<h1 class=\"_2qrJF\" style=\"text-align: left;\" data-hook=\"product-title\">Sistema de Purificaci\u00f3n de Agua Alcalina Bajo Tarja con Luz UV<\/h1>\n<h3 aria-hidden=\"false\" data-hook=\"info-section-title\"><\/h3>\n<h3 class=\"Text4261962342__root Text4261962342---typography-11-runningText Text4261962342---priority-7-primary s8gg2 _2UIKs InfoSectionTitle3095652555__root\" style=\"text-align: left;\" aria-hidden=\"false\" data-hook=\"info-section-title\">Garant\u00eda<\/h3>\n<div class=\"rah-static rah-static--height-auto\" aria-hidden=\"false\">\n<div>\n<div class=\"_1yvxJ fggS- cell\">\n<div class=\"WncCi\" data-hook=\"info-section-description\">\n<p style=\"text-align: left;\">El sistema de Purificaci\u00f3n de agua\u00a0<strong>AlkaLine BT3<\/strong>\u00a0tiene\u00a0<strong>50 a\u00f1os<\/strong> de garant\u00eda contra cualquier defecto de f\u00e1brica.<\/p>\n<p style=\"text-align: left;\">Los precios est\u00e1n en Moneda Mex<\/p>\n<\/div>\n<\/div>\n<\/div>\n<\/div>\n","protected":false},"featured_media":2130,"comment_status":"open","ping_status":"closed","template":"","meta":{"_monsterinsights_skip_tracking":false,"_monsterinsights_sitenote_active":false,"_monsterinsights_sitenote_note":"","_monsterinsights_sitenote_category":0},"product_cat":[221],"product_tag":[],"class_list":["post-747","product","type-product","status-publish","has-post-thumbnail","hentry","product_cat-agua-h2o-bt3"],"_links":{"self":[{"href":"https:\/\/gruporacvel.com\/index.php\/wp-json\/wp\/v2\/product\/747","targetHints":{"allow":["GET"]}}],"collection":[{"href":"https:\/\/gruporacvel.com\/index.php\/wp-json\/wp\/v2\/product"}],"about":[{"href":"https:\/\/gruporacvel.com\/index.php\/wp-json\/wp\/v2\/types\/product"}],"replies":[{"embeddable":true,"href":"https:\/\/gruporacvel.com\/index.php\/wp-json\/wp\/v2\/comments?post=747"}],"wp:featuredmedia":[{"embeddable":true,"href":"https:\/\/gruporacvel.com\/index.php\/wp-json\/wp\/v2\/media\/2130"}],"wp:attachment":[{"href":"https:\/\/gruporacvel.com\/index.php\/wp-json\/wp\/v2\/media?parent=747"}],"wp:term":[{"taxonomy":"product_cat","embeddable":true,"href":"https:\/\/gruporacvel.com\/index.php\/wp-json\/wp\/v2\/product_cat?post=747"},{"taxonomy":"product_tag","embeddable":true,"href":"https:\/\/gruporacvel.com\/index.php\/wp-json\/wp\/v2\/product_tag?post=747"}],"curies":[{"name":"wp","href":"https:\/\/api.w.org\/{rel}","templated":true}]}}