{"id":83,"date":"2013-06-07T11:33:05","date_gmt":"2013-06-07T11:33:05","guid":{"rendered":"http:\/\/demo2.woothemes.com\/woocommerce\/?post_type=product&#038;p=83"},"modified":"2025-08-31T11:19:26","modified_gmt":"2025-08-31T11:19:26","slug":"woo-album-1","status":"publish","type":"product","link":"https:\/\/gruporacvel.com\/index.php\/product\/woo-album-1\/","title":{"rendered":"Home Health 2"},"content":{"rendered":"<h3><strong>Sistema de Purificaci\u00f3n de Agua para Casa o Departamento de hasta 300 m2<\/strong><\/h3>\n<p>Este equipo utiliza una poderosa luz ultravioleta para eliminar bacterias y virus, adem\u00e1s de tener dos filtros para producir agua cristalina y de gran sabor.<\/p>\n<p>Este equipo produce 10 litros de agua purificada por minuto<\/p>\n<p><strong>ETAPAS DE FILTRADO Y PURIFICACI\u00d3N<\/strong><\/p>\n<p><strong>1\u00aa etapa:<\/strong>\u00a0Cartucho de sedimento que retiene s\u00f3lidos, produciendo agua cristalina<\/p>\n<p><strong>2\u00aa etapa:<\/strong>\u00a0Cartucho de bloc de carb\u00f3n que retiene org\u00e1nicos y qu\u00edmicos, eliminando olores y sabores<\/p>\n<p><strong>3\u00aa etapa:<\/strong>\u00a0L\u00e1mpara U.V. que elimina bacteria y virus, PURIFICANDO el agua<\/p>\n<p><strong>DATOS T\u00c9CNICOS:<\/strong><\/p>\n<ul>\n<li>RANGO DE TEMPERATURA DEL AGUA DE ENTRADA = DE 1\u00b0C A 35\u00b0C.<\/li>\n<li>FLUJO DE SALIDA = HASTA 10 LITROS POR MINUTO<\/li>\n<li>PRESION M\u00c1XIMA DEL AGUA DE ENTRADA = 80 P.S.I. (5.5 BAR).<\/li>\n<li>FILTRACION NOMINAL = CARTUCHO DE SEDIMENTO DE 5 MICRAS \/ CARTUCHO DE 1 MICRA OPCIONAL<\/li>\n<li>CORRIENTE ELECTRICA NECESARIA PARA ALIMENTAR LA LUZ U.V. = 120 V<\/li>\n<li>CONEXIONES = Cartuchos: 25.4 mm (1\u201d) Sistema U.V.: 12.7 mm (1\/2\u201d) o 19.05 mm (3\/4\u201d)<\/li>\n<\/ul>\n<p><strong>*NOTAS:<\/strong><\/p>\n<ul>\n<li>I.V.A. No inclu\u00eddoo<\/li>\n<li>No se incluye gastos de env\u00edo<\/li>\n<\/ul>\n<hr \/>\n<h2 style=\"text-align: center;\">NUESTROS CERTIFICADOS<\/h2>\n<p><img loading=\"lazy\" decoding=\"async\" class=\"aligncenter wp-image-2142 size-large\" src=\"https:\/\/gruporacvel.com\/wp-content\/uploads\/2013\/06\/certificados-1024x670.jpg\" alt=\"\" width=\"1024\" height=\"670\" srcset=\"https:\/\/gruporacvel.com\/wp-content\/uploads\/2013\/06\/certificados-1024x670.jpg 1024w, https:\/\/gruporacvel.com\/wp-content\/uploads\/2013\/06\/certificados-300x196.jpg 300w, https:\/\/gruporacvel.com\/wp-content\/uploads\/2013\/06\/certificados-768x503.jpg 768w, https:\/\/gruporacvel.com\/wp-content\/uploads\/2013\/06\/certificados-600x393.jpg 600w, https:\/\/gruporacvel.com\/wp-content\/uploads\/2013\/06\/certificados.jpg 1173w\" sizes=\"auto, (max-width: 1024px) 100vw, 1024px\" \/><\/p>\n","protected":false},"excerpt":{"rendered":"<h1 style=\"text-align: left;\">Sistema de Purificaci\u00f3n de Agua para el Hogar<\/h1>\n<h3 aria-hidden=\"false\" data-hook=\"info-section-title\"><\/h3>\n<h3 class=\"Text4261962342__root Text4261962342---typography-11-runningText Text4261962342---priority-7-primary s8gg2 _2UIKs InfoSectionTitle3095652555__root\" style=\"text-align: left;\" aria-hidden=\"false\" data-hook=\"info-section-title\">Garant\u00eda<\/h3>\n<div class=\"rah-static rah-static--height-auto\" aria-hidden=\"false\">\n<div>\n<div class=\"_1yvxJ fggS- cell\">\n<div class=\"WncCi\" data-hook=\"info-section-description\">\n<p style=\"text-align: left;\">El Sistema de Purificaci\u00f3n para el Hogar\u00a0<strong>Home Health 2<\/strong>\u00a0cuenta con\u00a0<strong>50 a\u00f1os<\/strong> de garant\u00eda contra defectos de f\u00e1brica.<\/p>\n<p>Los precios est\u00e1n en moneda MX<\/p>\n<\/div>\n<\/div>\n<\/div>\n<\/div>\n","protected":false},"featured_media":2144,"comment_status":"open","ping_status":"closed","template":"","meta":{"_monsterinsights_skip_tracking":false,"_monsterinsights_sitenote_active":false,"_monsterinsights_sitenote_note":"","_monsterinsights_sitenote_category":0},"product_cat":[221],"product_tag":[],"class_list":["post-83","product","type-product","status-publish","has-post-thumbnail","hentry","product_cat-agua-h2o-bt3"],"_links":{"self":[{"href":"https:\/\/gruporacvel.com\/index.php\/wp-json\/wp\/v2\/product\/83","targetHints":{"allow":["GET"]}}],"collection":[{"href":"https:\/\/gruporacvel.com\/index.php\/wp-json\/wp\/v2\/product"}],"about":[{"href":"https:\/\/gruporacvel.com\/index.php\/wp-json\/wp\/v2\/types\/product"}],"replies":[{"embeddable":true,"href":"https:\/\/gruporacvel.com\/index.php\/wp-json\/wp\/v2\/comments?post=83"}],"wp:featuredmedia":[{"embeddable":true,"href":"https:\/\/gruporacvel.com\/index.php\/wp-json\/wp\/v2\/media\/2144"}],"wp:attachment":[{"href":"https:\/\/gruporacvel.com\/index.php\/wp-json\/wp\/v2\/media?parent=83"}],"wp:term":[{"taxonomy":"product_cat","embeddable":true,"href":"https:\/\/gruporacvel.com\/index.php\/wp-json\/wp\/v2\/product_cat?post=83"},{"taxonomy":"product_tag","embeddable":true,"href":"https:\/\/gruporacvel.com\/index.php\/wp-json\/wp\/v2\/product_tag?post=83"}],"curies":[{"name":"wp","href":"https:\/\/api.w.org\/{rel}","templated":true}]}}